{"id":5349,"date":"2024-04-29T20:36:18","date_gmt":"2024-04-29T20:36:18","guid":{"rendered":"https:\/\/alianzacnc.org\/?page_id=5349"},"modified":"2025-02-25T22:49:11","modified_gmt":"2025-02-25T22:49:11","slug":"ministerio-de-ninos","status":"publish","type":"page","link":"https:\/\/alianzacnc.org\/en\/ministerio-de-ninos\/","title":{"rendered":"Children\u2019s Ministry"},"content":{"rendered":"<div data-elementor-type=\"wp-page\" data-elementor-id=\"5349\" class=\"elementor elementor-5349\">\n\t\t\t\t<div class=\"elementor-element elementor-element-a87eadb e-flex e-con-boxed wpr-particle-no wpr-jarallax-no wpr-parallax-no wpr-sticky-section-no wpr-column-slider-no wpr-equal-height-no e-con e-parent\" data-id=\"a87eadb\" data-element_type=\"container\" data-e-type=\"container\" data-settings=\"{&quot;background_background&quot;:&quot;classic&quot;}\">\n\t\t\t\t\t<div class=\"e-con-inner\">\n\t\t\t\t<div class=\"elementor-element elementor-element-38a9276 elementor-widget elementor-widget-spacer\" data-id=\"38a9276\" data-element_type=\"widget\" data-e-type=\"widget\" data-widget_type=\"spacer.default\">\n\t\t\t\t<div class=\"elementor-widget-container\">\n\t\t\t\t\t\t\t<div class=\"elementor-spacer\">\n\t\t\t<div class=\"elementor-spacer-inner\"><\/div>\n\t\t<\/div>\n\t\t\t\t\t\t<\/div>\n\t\t\t\t<\/div>\n\t\t\t\t<div class=\"elementor-element elementor-element-1ec3e1f elementor-widget elementor-widget-heading\" data-id=\"1ec3e1f\" data-element_type=\"widget\" data-e-type=\"widget\" data-widget_type=\"heading.default\">\n\t\t\t\t<div class=\"elementor-widget-container\">\n\t\t\t\t\t<h2 class=\"elementor-heading-title elementor-size-default\">Children\u2019s Ministry<\/h2>\t\t\t\t<\/div>\n\t\t\t\t<\/div>\n\t\t\t\t<div class=\"elementor-element elementor-element-4a0372b elementor-position-left elementor-vertical-align-middle elementor-widget elementor-widget-image-box\" data-id=\"4a0372b\" data-element_type=\"widget\" data-e-type=\"widget\" data-widget_type=\"image-box.default\">\n\t\t\t\t<div class=\"elementor-widget-container\">\n\t\t\t\t\t<div class=\"elementor-image-box-wrapper\"><figure class=\"elementor-image-box-img\"><img fetchpriority=\"high\" decoding=\"async\" width=\"1080\" height=\"1080\" src=\"https:\/\/alianzacnc.org\/wp-content\/uploads\/2025\/02\/emir-y-esposa.png\" class=\"attachment-full size-full wp-image-5971\" alt=\"\" srcset=\"https:\/\/alianzacnc.org\/wp-content\/uploads\/2025\/02\/emir-y-esposa.png 1080w, https:\/\/alianzacnc.org\/wp-content\/uploads\/2025\/02\/emir-y-esposa-300x300.png 300w, https:\/\/alianzacnc.org\/wp-content\/uploads\/2025\/02\/emir-y-esposa-1030x1030.png 1030w, https:\/\/alianzacnc.org\/wp-content\/uploads\/2025\/02\/emir-y-esposa-80x80.png 80w, https:\/\/alianzacnc.org\/wp-content\/uploads\/2025\/02\/emir-y-esposa-768x768.png 768w\" sizes=\"(max-width: 1080px) 100vw, 1080px\" \/><\/figure><div class=\"elementor-image-box-content\"><h3 class=\"elementor-image-box-title\">Emir and Keller C\u00e1ceres<\/h3><p class=\"elementor-image-box-description\">Kids Ministry Leaders<\/p><\/div><\/div>\t\t\t\t<\/div>\n\t\t\t\t<\/div>\n\t\t\t\t<div class=\"elementor-element elementor-element-fdfc25f gallery-spacing-custom elementor-widget elementor-widget-image-gallery\" data-id=\"fdfc25f\" data-element_type=\"widget\" data-e-type=\"widget\" data-widget_type=\"image-gallery.default\">\n\t\t\t\t<div class=\"elementor-widget-container\">\n\t\t\t\t\t\t\t<div class=\"elementor-image-gallery\">\n\t\t\t<div id='gallery-1' class='gallery galleryid-5349 gallery-columns-3 gallery-size-full'><figure class='gallery-item'>\n\t\t\t<div class='gallery-icon landscape'>\n\t\t\t\t<a data-elementor-open-lightbox=\"yes\" data-elementor-lightbox-slideshow=\"fdfc25f\" data-elementor-lightbox-title=\"449681271_787186300262738_245310117410952576_n\" data-e-action-hash=\"#elementor-action%3Aaction%3Dlightbox%26settings%3DeyJpZCI6NjAwOSwidXJsIjoiaHR0cHM6XC9cL2FsaWFuemFjbmMub3JnXC93cC1jb250ZW50XC91cGxvYWRzXC8yMDI1XC8wMlwvNDQ5NjgxMjcxXzc4NzE4NjMwMDI2MjczOF8yNDUzMTAxMTc0MTA5NTI1NzZfbi5qcGciLCJzbGlkZXNob3ciOiJmZGZjMjVmIn0%3D\" href='https:\/\/alianzacnc.org\/wp-content\/uploads\/2025\/02\/449681271_787186300262738_245310117410952576_n.jpg'><img decoding=\"async\" width=\"2048\" height=\"1365\" src=\"https:\/\/alianzacnc.org\/wp-content\/uploads\/2025\/02\/449681271_787186300262738_245310117410952576_n.jpg\" class=\"attachment-full size-full\" alt=\"\" srcset=\"https:\/\/alianzacnc.org\/wp-content\/uploads\/2025\/02\/449681271_787186300262738_245310117410952576_n.jpg 2048w, https:\/\/alianzacnc.org\/wp-content\/uploads\/2025\/02\/449681271_787186300262738_245310117410952576_n-300x200.jpg 300w, https:\/\/alianzacnc.org\/wp-content\/uploads\/2025\/02\/449681271_787186300262738_245310117410952576_n-1030x686.jpg 1030w, https:\/\/alianzacnc.org\/wp-content\/uploads\/2025\/02\/449681271_787186300262738_245310117410952576_n-768x512.jpg 768w, https:\/\/alianzacnc.org\/wp-content\/uploads\/2025\/02\/449681271_787186300262738_245310117410952576_n-1536x1024.jpg 1536w\" sizes=\"(max-width: 2048px) 100vw, 2048px\" \/><\/a>\n\t\t\t<\/div><\/figure><figure class='gallery-item'>\n\t\t\t<div class='gallery-icon landscape'>\n\t\t\t\t<a data-elementor-open-lightbox=\"yes\" data-elementor-lightbox-slideshow=\"fdfc25f\" data-elementor-lightbox-title=\"457850538_824674789847222_5371400651437131352_n\" data-e-action-hash=\"#elementor-action%3Aaction%3Dlightbox%26settings%3DeyJpZCI6NjAxMCwidXJsIjoiaHR0cHM6XC9cL2FsaWFuemFjbmMub3JnXC93cC1jb250ZW50XC91cGxvYWRzXC8yMDI1XC8wMlwvNDU3ODUwNTM4XzgyNDY3NDc4OTg0NzIyMl81MzcxNDAwNjUxNDM3MTMxMzUyX24uanBnIiwic2xpZGVzaG93IjoiZmRmYzI1ZiJ9\" href='https:\/\/alianzacnc.org\/wp-content\/uploads\/2025\/02\/457850538_824674789847222_5371400651437131352_n.jpg'><img decoding=\"async\" width=\"2048\" height=\"1365\" src=\"https:\/\/alianzacnc.org\/wp-content\/uploads\/2025\/02\/457850538_824674789847222_5371400651437131352_n.jpg\" class=\"attachment-full size-full\" alt=\"\" srcset=\"https:\/\/alianzacnc.org\/wp-content\/uploads\/2025\/02\/457850538_824674789847222_5371400651437131352_n.jpg 2048w, https:\/\/alianzacnc.org\/wp-content\/uploads\/2025\/02\/457850538_824674789847222_5371400651437131352_n-300x200.jpg 300w, https:\/\/alianzacnc.org\/wp-content\/uploads\/2025\/02\/457850538_824674789847222_5371400651437131352_n-1030x686.jpg 1030w, https:\/\/alianzacnc.org\/wp-content\/uploads\/2025\/02\/457850538_824674789847222_5371400651437131352_n-768x512.jpg 768w, https:\/\/alianzacnc.org\/wp-content\/uploads\/2025\/02\/457850538_824674789847222_5371400651437131352_n-1536x1024.jpg 1536w\" sizes=\"(max-width: 2048px) 100vw, 2048px\" \/><\/a>\n\t\t\t<\/div><\/figure><figure class='gallery-item'>\n\t\t\t<div class='gallery-icon landscape'>\n\t\t\t\t<a data-elementor-open-lightbox=\"yes\" data-elementor-lightbox-slideshow=\"fdfc25f\" data-elementor-lightbox-title=\"465462937_870850635229637_721345815106593550_n\" data-e-action-hash=\"#elementor-action%3Aaction%3Dlightbox%26settings%3DeyJpZCI6NjAxMSwidXJsIjoiaHR0cHM6XC9cL2FsaWFuemFjbmMub3JnXC93cC1jb250ZW50XC91cGxvYWRzXC8yMDI1XC8wMlwvNDY1NDYyOTM3Xzg3MDg1MDYzNTIyOTYzN183MjEzNDU4MTUxMDY1OTM1NTBfbi5qcGciLCJzbGlkZXNob3ciOiJmZGZjMjVmIn0%3D\" href='https:\/\/alianzacnc.org\/wp-content\/uploads\/2025\/02\/465462937_870850635229637_721345815106593550_n.jpg'><img loading=\"lazy\" decoding=\"async\" width=\"2048\" height=\"1365\" src=\"https:\/\/alianzacnc.org\/wp-content\/uploads\/2025\/02\/465462937_870850635229637_721345815106593550_n.jpg\" class=\"attachment-full size-full\" alt=\"\" srcset=\"https:\/\/alianzacnc.org\/wp-content\/uploads\/2025\/02\/465462937_870850635229637_721345815106593550_n.jpg 2048w, https:\/\/alianzacnc.org\/wp-content\/uploads\/2025\/02\/465462937_870850635229637_721345815106593550_n-300x200.jpg 300w, https:\/\/alianzacnc.org\/wp-content\/uploads\/2025\/02\/465462937_870850635229637_721345815106593550_n-1030x686.jpg 1030w, https:\/\/alianzacnc.org\/wp-content\/uploads\/2025\/02\/465462937_870850635229637_721345815106593550_n-768x512.jpg 768w, https:\/\/alianzacnc.org\/wp-content\/uploads\/2025\/02\/465462937_870850635229637_721345815106593550_n-1536x1024.jpg 1536w\" sizes=\"(max-width: 2048px) 100vw, 2048px\" \/><\/a>\n\t\t\t<\/div><\/figure><figure class='gallery-item'>\n\t\t\t<div class='gallery-icon landscape'>\n\t\t\t\t<a data-elementor-open-lightbox=\"yes\" data-elementor-lightbox-slideshow=\"fdfc25f\" data-elementor-lightbox-title=\"468300686_885459713768729_8411646433305310759_n\" data-e-action-hash=\"#elementor-action%3Aaction%3Dlightbox%26settings%3DeyJpZCI6NjAxMiwidXJsIjoiaHR0cHM6XC9cL2FsaWFuemFjbmMub3JnXC93cC1jb250ZW50XC91cGxvYWRzXC8yMDI1XC8wMlwvNDY4MzAwNjg2Xzg4NTQ1OTcxMzc2ODcyOV84NDExNjQ2NDMzMzA1MzEwNzU5X24uanBnIiwic2xpZGVzaG93IjoiZmRmYzI1ZiJ9\" href='https:\/\/alianzacnc.org\/wp-content\/uploads\/2025\/02\/468300686_885459713768729_8411646433305310759_n.jpg'><img loading=\"lazy\" decoding=\"async\" width=\"2048\" height=\"1365\" src=\"https:\/\/alianzacnc.org\/wp-content\/uploads\/2025\/02\/468300686_885459713768729_8411646433305310759_n.jpg\" class=\"attachment-full size-full\" alt=\"\" srcset=\"https:\/\/alianzacnc.org\/wp-content\/uploads\/2025\/02\/468300686_885459713768729_8411646433305310759_n.jpg 2048w, https:\/\/alianzacnc.org\/wp-content\/uploads\/2025\/02\/468300686_885459713768729_8411646433305310759_n-300x200.jpg 300w, https:\/\/alianzacnc.org\/wp-content\/uploads\/2025\/02\/468300686_885459713768729_8411646433305310759_n-1030x686.jpg 1030w, https:\/\/alianzacnc.org\/wp-content\/uploads\/2025\/02\/468300686_885459713768729_8411646433305310759_n-768x512.jpg 768w, https:\/\/alianzacnc.org\/wp-content\/uploads\/2025\/02\/468300686_885459713768729_8411646433305310759_n-1536x1024.jpg 1536w\" sizes=\"(max-width: 2048px) 100vw, 2048px\" \/><\/a>\n\t\t\t<\/div><\/figure><figure class='gallery-item'>\n\t\t\t<div class='gallery-icon landscape'>\n\t\t\t\t<a data-elementor-open-lightbox=\"yes\" data-elementor-lightbox-slideshow=\"fdfc25f\" data-elementor-lightbox-title=\"468756887_884547780526589_2246573678528452812_n\" data-e-action-hash=\"#elementor-action%3Aaction%3Dlightbox%26settings%3DeyJpZCI6NjAxMywidXJsIjoiaHR0cHM6XC9cL2FsaWFuemFjbmMub3JnXC93cC1jb250ZW50XC91cGxvYWRzXC8yMDI1XC8wMlwvNDY4NzU2ODg3Xzg4NDU0Nzc4MDUyNjU4OV8yMjQ2NTczNjc4NTI4NDUyODEyX24uanBnIiwic2xpZGVzaG93IjoiZmRmYzI1ZiJ9\" href='https:\/\/alianzacnc.org\/wp-content\/uploads\/2025\/02\/468756887_884547780526589_2246573678528452812_n.jpg'><img loading=\"lazy\" decoding=\"async\" width=\"2048\" height=\"1365\" src=\"https:\/\/alianzacnc.org\/wp-content\/uploads\/2025\/02\/468756887_884547780526589_2246573678528452812_n.jpg\" class=\"attachment-full size-full\" alt=\"\" srcset=\"https:\/\/alianzacnc.org\/wp-content\/uploads\/2025\/02\/468756887_884547780526589_2246573678528452812_n.jpg 2048w, https:\/\/alianzacnc.org\/wp-content\/uploads\/2025\/02\/468756887_884547780526589_2246573678528452812_n-300x200.jpg 300w, https:\/\/alianzacnc.org\/wp-content\/uploads\/2025\/02\/468756887_884547780526589_2246573678528452812_n-1030x686.jpg 1030w, https:\/\/alianzacnc.org\/wp-content\/uploads\/2025\/02\/468756887_884547780526589_2246573678528452812_n-768x512.jpg 768w, https:\/\/alianzacnc.org\/wp-content\/uploads\/2025\/02\/468756887_884547780526589_2246573678528452812_n-1536x1024.jpg 1536w\" sizes=\"(max-width: 2048px) 100vw, 2048px\" \/><\/a>\n\t\t\t<\/div><\/figure><figure class='gallery-item'>\n\t\t\t<div class='gallery-icon landscape'>\n\t\t\t\t<a data-elementor-open-lightbox=\"yes\" data-elementor-lightbox-slideshow=\"fdfc25f\" data-elementor-lightbox-title=\"481083191_941969934784373_5633848685703283004_n\" data-e-action-hash=\"#elementor-action%3Aaction%3Dlightbox%26settings%3DeyJpZCI6NjAxNCwidXJsIjoiaHR0cHM6XC9cL2FsaWFuemFjbmMub3JnXC93cC1jb250ZW50XC91cGxvYWRzXC8yMDI1XC8wMlwvNDgxMDgzMTkxXzk0MTk2OTkzNDc4NDM3M181NjMzODQ4Njg1NzAzMjgzMDA0X24uanBnIiwic2xpZGVzaG93IjoiZmRmYzI1ZiJ9\" href='https:\/\/alianzacnc.org\/wp-content\/uploads\/2025\/02\/481083191_941969934784373_5633848685703283004_n.jpg'><img loading=\"lazy\" decoding=\"async\" width=\"2048\" height=\"1365\" src=\"https:\/\/alianzacnc.org\/wp-content\/uploads\/2025\/02\/481083191_941969934784373_5633848685703283004_n.jpg\" class=\"attachment-full size-full\" alt=\"\" srcset=\"https:\/\/alianzacnc.org\/wp-content\/uploads\/2025\/02\/481083191_941969934784373_5633848685703283004_n.jpg 2048w, https:\/\/alianzacnc.org\/wp-content\/uploads\/2025\/02\/481083191_941969934784373_5633848685703283004_n-300x200.jpg 300w, https:\/\/alianzacnc.org\/wp-content\/uploads\/2025\/02\/481083191_941969934784373_5633848685703283004_n-1030x686.jpg 1030w, https:\/\/alianzacnc.org\/wp-content\/uploads\/2025\/02\/481083191_941969934784373_5633848685703283004_n-768x512.jpg 768w, https:\/\/alianzacnc.org\/wp-content\/uploads\/2025\/02\/481083191_941969934784373_5633848685703283004_n-1536x1024.jpg 1536w\" sizes=\"(max-width: 2048px) 100vw, 2048px\" \/><\/a>\n\t\t\t<\/div><\/figure>\n\t\t<\/div>\n\t\t<\/div>\n\t\t\t\t\t\t<\/div>\n\t\t\t\t<\/div>\n\t\t\t\t<div class=\"elementor-element elementor-element-40a201c elementor-widget elementor-widget-image\" data-id=\"40a201c\" data-element_type=\"widget\" data-e-type=\"widget\" data-widget_type=\"image.default\">\n\t\t\t\t<div class=\"elementor-widget-container\">\n\t\t\t\t\t\t\t\t\t\t\t\t\t\t\t<img loading=\"lazy\" decoding=\"async\" width=\"1421\" height=\"167\" src=\"https:\/\/alianzacnc.org\/wp-content\/uploads\/2025\/02\/letra-dl.png\" class=\"attachment-full size-full wp-image-5986\" alt=\"\" srcset=\"https:\/\/alianzacnc.org\/wp-content\/uploads\/2025\/02\/letra-dl.png 1421w, https:\/\/alianzacnc.org\/wp-content\/uploads\/2025\/02\/letra-dl-300x35.png 300w, https:\/\/alianzacnc.org\/wp-content\/uploads\/2025\/02\/letra-dl-1030x121.png 1030w, https:\/\/alianzacnc.org\/wp-content\/uploads\/2025\/02\/letra-dl-768x90.png 768w\" sizes=\"(max-width: 1421px) 100vw, 1421px\" \/>\t\t\t\t\t\t\t\t\t\t\t\t\t\t\t<\/div>\n\t\t\t\t<\/div>\n\t\t\t\t<div class=\"elementor-element elementor-element-83fd4ec elementor-widget elementor-widget-image\" data-id=\"83fd4ec\" data-element_type=\"widget\" data-e-type=\"widget\" data-widget_type=\"image.default\">\n\t\t\t\t<div class=\"elementor-widget-container\">\n\t\t\t\t\t\t\t\t\t\t\t\t\t\t\t<img decoding=\"async\" src=\"https:\/\/alianzacnc.org\/wp-content\/uploads\/2024\/10\/discovery-Land.webp\" title=\"discovery Land\" alt=\"discovery Land\" loading=\"lazy\" \/>\t\t\t\t\t\t\t\t\t\t\t\t\t\t\t<\/div>\n\t\t\t\t<\/div>\n\t\t\t\t<div class=\"elementor-element elementor-element-163bcc8 elementor-widget elementor-widget-spacer\" data-id=\"163bcc8\" data-element_type=\"widget\" data-e-type=\"widget\" data-widget_type=\"spacer.default\">\n\t\t\t\t<div class=\"elementor-widget-container\">\n\t\t\t\t\t\t\t<div class=\"elementor-spacer\">\n\t\t\t<div class=\"elementor-spacer-inner\"><\/div>\n\t\t<\/div>\n\t\t\t\t\t\t<\/div>\n\t\t\t\t<\/div>\n\t\t\t\t<div class=\"elementor-element elementor-element-8416102 elementor-widget elementor-widget-image\" data-id=\"8416102\" data-element_type=\"widget\" data-e-type=\"widget\" data-widget_type=\"image.default\">\n\t\t\t\t<div class=\"elementor-widget-container\">\n\t\t\t\t\t\t\t\t\t\t\t\t\t\t\t<img loading=\"lazy\" decoding=\"async\" width=\"1030\" height=\"575\" src=\"https:\/\/alianzacnc.org\/wp-content\/uploads\/2025\/02\/DL-1030x575.jpg\" class=\"attachment-large size-large wp-image-6153\" alt=\"\" srcset=\"https:\/\/alianzacnc.org\/wp-content\/uploads\/2025\/02\/DL-1030x575.jpg 1030w, https:\/\/alianzacnc.org\/wp-content\/uploads\/2025\/02\/DL-300x167.jpg 300w, https:\/\/alianzacnc.org\/wp-content\/uploads\/2025\/02\/DL-768x429.jpg 768w, https:\/\/alianzacnc.org\/wp-content\/uploads\/2025\/02\/DL-1536x857.jpg 1536w, https:\/\/alianzacnc.org\/wp-content\/uploads\/2025\/02\/DL-2048x1143.jpg 2048w\" sizes=\"(max-width: 1030px) 100vw, 1030px\" \/>\t\t\t\t\t\t\t\t\t\t\t\t\t\t\t<\/div>\n\t\t\t\t<\/div>\n\t\t\t\t<div class=\"elementor-element elementor-element-44a6eb4 elementor-widget elementor-widget-spacer\" data-id=\"44a6eb4\" data-element_type=\"widget\" data-e-type=\"widget\" data-widget_type=\"spacer.default\">\n\t\t\t\t<div class=\"elementor-widget-container\">\n\t\t\t\t\t\t\t<div class=\"elementor-spacer\">\n\t\t\t<div class=\"elementor-spacer-inner\"><\/div>\n\t\t<\/div>\n\t\t\t\t\t\t<\/div>\n\t\t\t\t<\/div>\n\t\t\t\t\t<\/div>\n\t\t\t\t<\/div>\n\t\t\t\t<\/div>","protected":false},"excerpt":{"rendered":"<p>Ministerio de Ni\u00f1os Emir y Keller C\u00e1ceres Encargado de Ni\u00f1os<\/p>","protected":false},"author":1,"featured_media":0,"parent":0,"menu_order":0,"comment_status":"closed","ping_status":"closed","template":"","meta":{"_eb_attr":"","_uag_custom_page_level_css":"","site-sidebar-layout":"no-sidebar","site-content-layout":"page-builder","ast-site-content-layout":"full-width-container","site-content-style":"default","site-sidebar-style":"default","ast-global-header-display":"","ast-banner-title-visibility":"","ast-main-header-display":"","ast-hfb-above-header-display":"","ast-hfb-below-header-display":"","ast-hfb-mobile-header-display":"","site-post-title":"disabled","ast-breadcrumbs-content":"","ast-featured-img":"disabled","footer-sml-layout":"","ast-disable-related-posts":"","theme-transparent-header-meta":"","adv-header-id-meta":"","stick-header-meta":"","header-above-stick-meta":"","header-main-stick-meta":"","header-below-stick-meta":"","astra-migrate-meta-layouts":"default","ast-page-background-enabled":"default","ast-page-background-meta":{"desktop":{"background-color":"var(--ast-global-color-4)","background-image":"","background-repeat":"repeat","background-position":"center center","background-size":"auto","background-attachment":"scroll","background-type":"","background-media":"","overlay-type":"","overlay-color":"","overlay-opacity":"","overlay-gradient":""},"tablet":{"background-color":"","background-image":"","background-repeat":"repeat","background-position":"center center","background-size":"auto","background-attachment":"scroll","background-type":"","background-media":"","overlay-type":"","overlay-color":"","overlay-opacity":"","overlay-gradient":""},"mobile":{"background-color":"","background-image":"","background-repeat":"repeat","background-position":"center center","background-size":"auto","background-attachment":"scroll","background-type":"","background-media":"","overlay-type":"","overlay-color":"","overlay-opacity":"","overlay-gradient":""}},"ast-content-background-meta":{"desktop":{"background-color":"var(--ast-global-color-5)","background-image":"","background-repeat":"repeat","background-position":"center center","background-size":"auto","background-attachment":"scroll","background-type":"","background-media":"","overlay-type":"","overlay-color":"","overlay-opacity":"","overlay-gradient":""},"tablet":{"background-color":"var(--ast-global-color-5)","background-image":"","background-repeat":"repeat","background-position":"center center","background-size":"auto","background-attachment":"scroll","background-type":"","background-media":"","overlay-type":"","overlay-color":"","overlay-opacity":"","overlay-gradient":""},"mobile":{"background-color":"var(--ast-global-color-5)","background-image":"","background-repeat":"repeat","background-position":"center center","background-size":"auto","background-attachment":"scroll","background-type":"","background-media":"","overlay-type":"","overlay-color":"","overlay-opacity":"","overlay-gradient":""}},"footnotes":""},"class_list":["post-5349","page","type-page","status-publish","hentry"],"uagb_featured_image_src":{"full":false,"thumbnail":false,"medium":false,"medium_large":false,"large":false,"1536x1536":false,"2048x2048":false,"trp-custom-language-flag":false},"uagb_author_info":{"display_name":"admincnc","author_link":"https:\/\/alianzacnc.org\/en\/author\/admincnc\/"},"uagb_comment_info":0,"uagb_excerpt":"Ministerio de Ni\u00f1os Emir y Keller C\u00e1ceres Encargado de Ni\u00f1os","_links":{"self":[{"href":"https:\/\/alianzacnc.org\/en\/wp-json\/wp\/v2\/pages\/5349","targetHints":{"allow":["GET"]}}],"collection":[{"href":"https:\/\/alianzacnc.org\/en\/wp-json\/wp\/v2\/pages"}],"about":[{"href":"https:\/\/alianzacnc.org\/en\/wp-json\/wp\/v2\/types\/page"}],"author":[{"embeddable":true,"href":"https:\/\/alianzacnc.org\/en\/wp-json\/wp\/v2\/users\/1"}],"replies":[{"embeddable":true,"href":"https:\/\/alianzacnc.org\/en\/wp-json\/wp\/v2\/comments?post=5349"}],"version-history":[{"count":64,"href":"https:\/\/alianzacnc.org\/en\/wp-json\/wp\/v2\/pages\/5349\/revisions"}],"predecessor-version":[{"id":6159,"href":"https:\/\/alianzacnc.org\/en\/wp-json\/wp\/v2\/pages\/5349\/revisions\/6159"}],"wp:attachment":[{"href":"https:\/\/alianzacnc.org\/en\/wp-json\/wp\/v2\/media?parent=5349"}],"curies":[{"name":"wp","href":"https:\/\/api.w.org\/{rel}","templated":true}]}}