{"id":5352,"date":"2024-04-29T20:36:18","date_gmt":"2024-04-29T20:36:18","guid":{"rendered":"https:\/\/alianzacnc.org\/?page_id=5352"},"modified":"2026-04-07T21:27:14","modified_gmt":"2026-04-07T21:27:14","slug":"ministerio-de-familias","status":"publish","type":"page","link":"https:\/\/alianzacnc.org\/en\/ministerio-de-familias\/","title":{"rendered":"Family Ministry"},"content":{"rendered":"<div data-elementor-type=\"wp-page\" data-elementor-id=\"5352\" class=\"elementor elementor-5352\">\n\t\t\t\t<div class=\"elementor-element elementor-element-6243032 e-flex e-con-boxed wpr-particle-no wpr-jarallax-no wpr-parallax-no wpr-sticky-section-no wpr-equal-height-no e-con e-parent\" data-id=\"6243032\" data-element_type=\"container\" data-e-type=\"container\" data-settings=\"{&quot;background_background&quot;:&quot;classic&quot;}\">\n\t\t\t\t\t<div class=\"e-con-inner\">\n\t\t\t\t<div class=\"elementor-element elementor-element-3eaf116 elementor-widget elementor-widget-spacer\" data-id=\"3eaf116\" data-element_type=\"widget\" data-e-type=\"widget\" data-widget_type=\"spacer.default\">\n\t\t\t\t<div class=\"elementor-widget-container\">\n\t\t\t\t\t\t\t<div class=\"elementor-spacer\">\n\t\t\t<div class=\"elementor-spacer-inner\"><\/div>\n\t\t<\/div>\n\t\t\t\t\t\t<\/div>\n\t\t\t\t<\/div>\n\t\t\t\t<div class=\"elementor-element elementor-element-3dfe8f7 elementor-widget elementor-widget-heading\" data-id=\"3dfe8f7\" data-element_type=\"widget\" data-e-type=\"widget\" data-widget_type=\"heading.default\">\n\t\t\t\t<div class=\"elementor-widget-container\">\n\t\t\t\t\t<h2 class=\"elementor-heading-title elementor-size-default\">Family Ministry<\/h2>\t\t\t\t<\/div>\n\t\t\t\t<\/div>\n\t\t\t\t<div class=\"elementor-element elementor-element-bd35801 elementor-position-left elementor-vertical-align-middle elementor-widget elementor-widget-image-box\" data-id=\"bd35801\" data-element_type=\"widget\" data-e-type=\"widget\" data-widget_type=\"image-box.default\">\n\t\t\t\t<div class=\"elementor-widget-container\">\n\t\t\t\t\t<div class=\"elementor-image-box-wrapper\"><figure class=\"elementor-image-box-img\"><img fetchpriority=\"high\" decoding=\"async\" width=\"1080\" height=\"1080\" src=\"https:\/\/alianzacnc.org\/wp-content\/uploads\/2026\/03\/encuentros-encargado.png\" class=\"attachment-full size-full wp-image-6682\" alt=\"\" srcset=\"https:\/\/alianzacnc.org\/wp-content\/uploads\/2026\/03\/encuentros-encargado.png 1080w, https:\/\/alianzacnc.org\/wp-content\/uploads\/2026\/03\/encuentros-encargado-300x300.png 300w, https:\/\/alianzacnc.org\/wp-content\/uploads\/2026\/03\/encuentros-encargado-1030x1030.png 1030w, https:\/\/alianzacnc.org\/wp-content\/uploads\/2026\/03\/encuentros-encargado-80x80.png 80w, https:\/\/alianzacnc.org\/wp-content\/uploads\/2026\/03\/encuentros-encargado-768x768.png 768w, https:\/\/alianzacnc.org\/wp-content\/uploads\/2026\/03\/encuentros-encargado-12x12.png 12w\" sizes=\"(max-width: 1080px) 100vw, 1080px\" \/><\/figure><div class=\"elementor-image-box-content\"><h3 class=\"elementor-image-box-title\">Daniel and Lorena Bravo<\/h3><p class=\"elementor-image-box-description\">Family ministry leaders<\/p><\/div><\/div>\t\t\t\t<\/div>\n\t\t\t\t<\/div>\n\t\t\t\t<div class=\"elementor-element elementor-element-503a8df elementor-position-left elementor-vertical-align-middle elementor-widget elementor-widget-image-box\" data-id=\"503a8df\" data-element_type=\"widget\" data-e-type=\"widget\" data-widget_type=\"image-box.default\">\n\t\t\t\t<div class=\"elementor-widget-container\">\n\t\t\t\t\t<div class=\"elementor-image-box-wrapper\"><figure class=\"elementor-image-box-img\"><img decoding=\"async\" width=\"2480\" height=\"1571\" src=\"https:\/\/alianzacnc.org\/wp-content\/uploads\/2025\/02\/hombres-de-valor.png\" class=\"attachment-full size-full wp-image-6185\" alt=\"\" srcset=\"https:\/\/alianzacnc.org\/wp-content\/uploads\/2025\/02\/hombres-de-valor.png 2480w, https:\/\/alianzacnc.org\/wp-content\/uploads\/2025\/02\/hombres-de-valor-300x190.png 300w, https:\/\/alianzacnc.org\/wp-content\/uploads\/2025\/02\/hombres-de-valor-1030x652.png 1030w, https:\/\/alianzacnc.org\/wp-content\/uploads\/2025\/02\/hombres-de-valor-768x487.png 768w, https:\/\/alianzacnc.org\/wp-content\/uploads\/2025\/02\/hombres-de-valor-1536x973.png 1536w, https:\/\/alianzacnc.org\/wp-content\/uploads\/2025\/02\/hombres-de-valor-2048x1297.png 2048w\" sizes=\"(max-width: 2480px) 100vw, 2480px\" \/><\/figure><div class=\"elementor-image-box-content\"><h3 class=\"elementor-image-box-title\">Hombres de valor<\/h3><p class=\"elementor-image-box-description\"><span style=\"text-align: start\">It offers fellowship, worship, and biblical instruction meetings to become restored children, marriages, and parents who bring love and blessing to their families.<\/span><\/p><\/div><\/div>\t\t\t\t<\/div>\n\t\t\t\t<\/div>\n\t\t\t\t<div class=\"elementor-element elementor-element-f171a2f elementor-widget elementor-widget-eael-image-accordion\" data-id=\"f171a2f\" data-element_type=\"widget\" data-e-type=\"widget\" data-widget_type=\"eael-image-accordion.default\">\n\t\t\t\t<div class=\"elementor-widget-container\">\n\t\t\t\t\t    <div class=\"eael-img-accordion accordion-direction-horizontal eael-img-accordion-horizontal-align-center eael-img-accordion-vertical-align-center\" id=\"eael-img-accordion-f171a2f\" data-img-accordion-id=\"f171a2f\" data-img-accordion-type=\"on-hover\">\n                    \n            <div class=\"eael-image-accordion-hover eael-image-accordion-item\" style=\"background-image: url(https:\/\/alianzacnc.org\/wp-content\/uploads\/2025\/02\/452468181_798405469140821_5246025828043773144_n.jpg);\"  tabindex=\"0\">\n                <div class=\"overlay\">\n                                        <div class=\"overlay-inner\">\n                                            <\/div>\n                <\/div>\n            <\/div>\n                    \n            <div class=\"eael-image-accordion-hover eael-image-accordion-item\" style=\"background-image: url(https:\/\/alianzacnc.org\/wp-content\/uploads\/2025\/02\/452525901_798405532474148_6327589359891539134_n.jpg);\"  tabindex=\"0\">\n                <div class=\"overlay\">\n                                        <div class=\"overlay-inner\">\n                                            <\/div>\n                <\/div>\n            <\/div>\n                    \n            <div class=\"eael-image-accordion-hover eael-image-accordion-item\" style=\"background-image: url(https:\/\/alianzacnc.org\/wp-content\/uploads\/2025\/02\/452217867_798405799140788_2023918590209838485_n.jpg);\"  tabindex=\"0\">\n                <div class=\"overlay\">\n                                        <div class=\"overlay-inner\">\n                                            <\/div>\n                <\/div>\n            <\/div>\n                    \n            <div class=\"eael-image-accordion-hover eael-image-accordion-item\" style=\"background-image: url(https:\/\/alianzacnc.org\/wp-content\/uploads\/2025\/02\/452113099_798405995807435_6647134591570515108_n.jpg);\"  tabindex=\"0\">\n                <div class=\"overlay\">\n                                        <div class=\"overlay-inner\">\n                                            <\/div>\n                <\/div>\n            <\/div>\n                <\/div>\n        <style typr=\"text\/css\">\n                    #eael-img-accordion-f171a2f .eael-image-accordion-hover:hover {\n                        flex: 3 1 0% !important;\n                    }\n                    #eael-img-accordion-f171a2f .eael-image-accordion-hover:hover:hover .overlay-inner * {\n                        opacity: 1;\n                        visibility: visible;\n                        transform: none;\n                        transition: all .3s .3s;\n                    }\n                <\/style>\t\t\t\t<\/div>\n\t\t\t\t<\/div>\n\t\t\t\t<div class=\"elementor-element elementor-element-f3ece97 elementor-position-right elementor-vertical-align-middle elementor-widget elementor-widget-image-box\" data-id=\"f3ece97\" data-element_type=\"widget\" data-e-type=\"widget\" data-widget_type=\"image-box.default\">\n\t\t\t\t<div class=\"elementor-widget-container\">\n\t\t\t\t\t<div class=\"elementor-image-box-wrapper\"><figure class=\"elementor-image-box-img\"><img decoding=\"async\" width=\"2291\" height=\"1417\" src=\"https:\/\/alianzacnc.org\/wp-content\/uploads\/2025\/02\/mujeres-virtuosas.png\" class=\"attachment-full size-full wp-image-6184\" alt=\"\" srcset=\"https:\/\/alianzacnc.org\/wp-content\/uploads\/2025\/02\/mujeres-virtuosas.png 2291w, https:\/\/alianzacnc.org\/wp-content\/uploads\/2025\/02\/mujeres-virtuosas-300x186.png 300w, https:\/\/alianzacnc.org\/wp-content\/uploads\/2025\/02\/mujeres-virtuosas-1030x637.png 1030w, https:\/\/alianzacnc.org\/wp-content\/uploads\/2025\/02\/mujeres-virtuosas-768x475.png 768w, https:\/\/alianzacnc.org\/wp-content\/uploads\/2025\/02\/mujeres-virtuosas-1536x950.png 1536w, https:\/\/alianzacnc.org\/wp-content\/uploads\/2025\/02\/mujeres-virtuosas-2048x1267.png 2048w\" sizes=\"(max-width: 2291px) 100vw, 2291px\" \/><\/figure><div class=\"elementor-image-box-content\"><h3 class=\"elementor-image-box-title\">MUJERES VIRTUOSAS<\/h3><p class=\"elementor-image-box-description\"><span>\"Mujeres virtuosas\" is a space created for women of all ages who seek to be wise, servants, committed, and above all, blessed to be a blessing.<\/span><\/p><\/div><\/div>\t\t\t\t<\/div>\n\t\t\t\t<\/div>\n\t\t\t\t<div class=\"elementor-element elementor-element-da587a3 elementor-widget elementor-widget-eael-image-accordion\" data-id=\"da587a3\" data-element_type=\"widget\" data-e-type=\"widget\" data-widget_type=\"eael-image-accordion.default\">\n\t\t\t\t<div class=\"elementor-widget-container\">\n\t\t\t\t\t    <div class=\"eael-img-accordion accordion-direction-horizontal eael-img-accordion-horizontal-align-center eael-img-accordion-vertical-align-center\" id=\"eael-img-accordion-da587a3\" data-img-accordion-id=\"da587a3\" data-img-accordion-type=\"on-hover\">\n                    \n            <div class=\"eael-image-accordion-hover eael-image-accordion-item\" style=\"background-image: url(https:\/\/alianzacnc.org\/wp-content\/uploads\/2025\/02\/481234704_946407851007248_1451798898928060971_n.jpg);\"  tabindex=\"0\">\n                <div class=\"overlay\">\n                                        <div class=\"overlay-inner\">\n                                            <\/div>\n                <\/div>\n            <\/div>\n                    \n            <div class=\"eael-image-accordion-hover eael-image-accordion-item\" style=\"background-image: url(https:\/\/alianzacnc.org\/wp-content\/uploads\/2025\/02\/481257461_946407461007287_7871722147081655370_n.jpg);\"  tabindex=\"0\">\n                <div class=\"overlay\">\n                                        <div class=\"overlay-inner\">\n                                            <\/div>\n                <\/div>\n            <\/div>\n                    \n            <div class=\"eael-image-accordion-hover eael-image-accordion-item\" style=\"background-image: url(https:\/\/alianzacnc.org\/wp-content\/uploads\/2025\/02\/481216242_946407897673910_3419815914754858926_n.jpg);\"  tabindex=\"0\">\n                <div class=\"overlay\">\n                                        <div class=\"overlay-inner\">\n                                            <\/div>\n                <\/div>\n            <\/div>\n                    \n            <div class=\"eael-image-accordion-hover eael-image-accordion-item\" style=\"background-image: url(https:\/\/alianzacnc.org\/wp-content\/uploads\/2025\/02\/481473327_946407631007270_5577019760864058799_n.jpg);\"  tabindex=\"0\">\n                <div class=\"overlay\">\n                                        <div class=\"overlay-inner\">\n                                            <\/div>\n                <\/div>\n            <\/div>\n                <\/div>\n        <style typr=\"text\/css\">\n                    #eael-img-accordion-da587a3 .eael-image-accordion-hover:hover {\n                        flex: 3 1 0% !important;\n                    }\n                    #eael-img-accordion-da587a3 .eael-image-accordion-hover:hover:hover .overlay-inner * {\n                        opacity: 1;\n                        visibility: visible;\n                        transform: none;\n                        transition: all .3s .3s;\n                    }\n                <\/style>\t\t\t\t<\/div>\n\t\t\t\t<\/div>\n\t\t\t\t<div class=\"elementor-element elementor-element-263d267 elementor-widget-divider--view-line elementor-widget elementor-widget-divider\" data-id=\"263d267\" data-element_type=\"widget\" data-e-type=\"widget\" data-widget_type=\"divider.default\">\n\t\t\t\t<div class=\"elementor-widget-container\">\n\t\t\t\t\t\t\t<div class=\"elementor-divider\">\n\t\t\t<span class=\"elementor-divider-separator\">\n\t\t\t\t\t\t<\/span>\n\t\t<\/div>\n\t\t\t\t\t\t<\/div>\n\t\t\t\t<\/div>\n\t\t\t\t<div class=\"elementor-element elementor-element-6aff954 elementor-position-right elementor-vertical-align-middle elementor-widget elementor-widget-image-box\" data-id=\"6aff954\" data-element_type=\"widget\" data-e-type=\"widget\" data-widget_type=\"image-box.default\">\n\t\t\t\t<div class=\"elementor-widget-container\">\n\t\t\t\t\t<div class=\"elementor-image-box-wrapper\"><figure class=\"elementor-image-box-img\"><img loading=\"lazy\" decoding=\"async\" width=\"2362\" height=\"1575\" src=\"https:\/\/alianzacnc.org\/wp-content\/uploads\/2025\/02\/ALIANZA-MATRIMONIAL.png\" class=\"attachment-full size-full wp-image-6233\" alt=\"\" srcset=\"https:\/\/alianzacnc.org\/wp-content\/uploads\/2025\/02\/ALIANZA-MATRIMONIAL.png 2362w, https:\/\/alianzacnc.org\/wp-content\/uploads\/2025\/02\/ALIANZA-MATRIMONIAL-300x200.png 300w, https:\/\/alianzacnc.org\/wp-content\/uploads\/2025\/02\/ALIANZA-MATRIMONIAL-1030x687.png 1030w, https:\/\/alianzacnc.org\/wp-content\/uploads\/2025\/02\/ALIANZA-MATRIMONIAL-768x512.png 768w, https:\/\/alianzacnc.org\/wp-content\/uploads\/2025\/02\/ALIANZA-MATRIMONIAL-1536x1024.png 1536w, https:\/\/alianzacnc.org\/wp-content\/uploads\/2025\/02\/ALIANZA-MATRIMONIAL-2048x1366.png 2048w\" sizes=\"(max-width: 2362px) 100vw, 2362px\" \/><\/figure><div class=\"elementor-image-box-content\"><h3 class=\"elementor-image-box-title\">ALIANZA matrimonial<\/h3><p class=\"elementor-image-box-description\">It promotes meetings to foster romance in marriage, fellowship with other couples, and biblical instruction for a blessed marriage.<\/p><\/div><\/div>\t\t\t\t<\/div>\n\t\t\t\t<\/div>\n\t\t\t\t<div class=\"elementor-element elementor-element-e954fe1 elementor-widget elementor-widget-spacer\" data-id=\"e954fe1\" data-element_type=\"widget\" data-e-type=\"widget\" data-widget_type=\"spacer.default\">\n\t\t\t\t<div class=\"elementor-widget-container\">\n\t\t\t\t\t\t\t<div class=\"elementor-spacer\">\n\t\t\t<div class=\"elementor-spacer-inner\"><\/div>\n\t\t<\/div>\n\t\t\t\t\t\t<\/div>\n\t\t\t\t<\/div>\n\t\t\t\t\t<\/div>\n\t\t\t\t<\/div>\n\t\t\t\t<\/div>","protected":false},"excerpt":{"rendered":"<p>ministerio de familias Daniel y Lorena Bravo Encargados de Familias Hombres de valor Ofrece reuniones de compa\u00f1erismo, celebraci\u00f3n e instrucci\u00f3n b\u00edblica para ser hijos, esposos, y padres restaurados, que llevan amor y bendici\u00f3n para sus familias. MUJERES VIRTUOSAS Mujeres Virtuosas es un espacio creado para mujeres de todas las edades, que buscan ser sabias, siervas, comprometidas y sobre todo bendecidas para bendecir. ALIANZA matrimonial Promueve reuniones para fomentar el romanticismo en el matrimonio, la confraternidad con otros matrimonios y la instrucci\u00f3n b\u00edblica para un matrimonio bendecido.<\/p>","protected":false},"author":1,"featured_media":0,"parent":0,"menu_order":0,"comment_status":"closed","ping_status":"closed","template":"","meta":{"_eb_attr":"","_uag_custom_page_level_css":"","site-sidebar-layout":"no-sidebar","site-content-layout":"page-builder","ast-site-content-layout":"full-width-container","site-content-style":"default","site-sidebar-style":"default","ast-global-header-display":"","ast-banner-title-visibility":"","ast-main-header-display":"","ast-hfb-above-header-display":"","ast-hfb-below-header-display":"","ast-hfb-mobile-header-display":"","site-post-title":"disabled","ast-breadcrumbs-content":"","ast-featured-img":"disabled","footer-sml-layout":"","ast-disable-related-posts":"","theme-transparent-header-meta":"","adv-header-id-meta":"","stick-header-meta":"","header-above-stick-meta":"","header-main-stick-meta":"","header-below-stick-meta":"","astra-migrate-meta-layouts":"default","ast-page-background-enabled":"default","ast-page-background-meta":{"desktop":{"background-color":"var(--ast-global-color-4)","background-image":"","background-repeat":"repeat","background-position":"center center","background-size":"auto","background-attachment":"scroll","background-type":"","background-media":"","overlay-type":"","overlay-color":"","overlay-opacity":"","overlay-gradient":""},"tablet":{"background-color":"","background-image":"","background-repeat":"repeat","background-position":"center center","background-size":"auto","background-attachment":"scroll","background-type":"","background-media":"","overlay-type":"","overlay-color":"","overlay-opacity":"","overlay-gradient":""},"mobile":{"background-color":"","background-image":"","background-repeat":"repeat","background-position":"center center","background-size":"auto","background-attachment":"scroll","background-type":"","background-media":"","overlay-type":"","overlay-color":"","overlay-opacity":"","overlay-gradient":""}},"ast-content-background-meta":{"desktop":{"background-color":"var(--ast-global-color-5)","background-image":"","background-repeat":"repeat","background-position":"center center","background-size":"auto","background-attachment":"scroll","background-type":"","background-media":"","overlay-type":"","overlay-color":"","overlay-opacity":"","overlay-gradient":""},"tablet":{"background-color":"var(--ast-global-color-5)","background-image":"","background-repeat":"repeat","background-position":"center center","background-size":"auto","background-attachment":"scroll","background-type":"","background-media":"","overlay-type":"","overlay-color":"","overlay-opacity":"","overlay-gradient":""},"mobile":{"background-color":"var(--ast-global-color-5)","background-image":"","background-repeat":"repeat","background-position":"center center","background-size":"auto","background-attachment":"scroll","background-type":"","background-media":"","overlay-type":"","overlay-color":"","overlay-opacity":"","overlay-gradient":""}},"footnotes":""},"class_list":["post-5352","page","type-page","status-publish","hentry"],"uagb_featured_image_src":{"full":false,"thumbnail":false,"medium":false,"medium_large":false,"large":false,"1536x1536":false,"2048x2048":false,"trp-custom-language-flag":false},"uagb_author_info":{"display_name":"admincnc","author_link":"https:\/\/alianzacnc.org\/en\/author\/admincnc\/"},"uagb_comment_info":0,"uagb_excerpt":"ministerio de familias Daniel y Lorena Bravo Encargados de Familias Hombres de valor Ofrece reuniones de compa\u00f1erismo, celebraci\u00f3n e instrucci\u00f3n b\u00edblica para ser hijos, esposos, y padres restaurados, que llevan amor y bendici\u00f3n para sus familias. MUJERES VIRTUOSAS Mujeres Virtuosas es un espacio creado para mujeres de todas las edades, que buscan ser sabias, siervas,&hellip;","_links":{"self":[{"href":"https:\/\/alianzacnc.org\/en\/wp-json\/wp\/v2\/pages\/5352","targetHints":{"allow":["GET"]}}],"collection":[{"href":"https:\/\/alianzacnc.org\/en\/wp-json\/wp\/v2\/pages"}],"about":[{"href":"https:\/\/alianzacnc.org\/en\/wp-json\/wp\/v2\/types\/page"}],"author":[{"embeddable":true,"href":"https:\/\/alianzacnc.org\/en\/wp-json\/wp\/v2\/users\/1"}],"replies":[{"embeddable":true,"href":"https:\/\/alianzacnc.org\/en\/wp-json\/wp\/v2\/comments?post=5352"}],"version-history":[{"count":91,"href":"https:\/\/alianzacnc.org\/en\/wp-json\/wp\/v2\/pages\/5352\/revisions"}],"predecessor-version":[{"id":6699,"href":"https:\/\/alianzacnc.org\/en\/wp-json\/wp\/v2\/pages\/5352\/revisions\/6699"}],"wp:attachment":[{"href":"https:\/\/alianzacnc.org\/en\/wp-json\/wp\/v2\/media?parent=5352"}],"curies":[{"name":"wp","href":"https:\/\/api.w.org\/{rel}","templated":true}]}}