{"id":5355,"date":"2024-04-29T20:36:18","date_gmt":"2024-04-29T20:36:18","guid":{"rendered":"https:\/\/alianzacnc.org\/?page_id=5355"},"modified":"2025-10-17T16:39:34","modified_gmt":"2025-10-17T16:39:34","slug":"ministerio-de-adoracion-y-artes","status":"publish","type":"page","link":"https:\/\/alianzacnc.org\/en\/ministerio-de-adoracion-y-artes\/","title":{"rendered":"Worship and Arts Ministry"},"content":{"rendered":"<div data-elementor-type=\"wp-page\" data-elementor-id=\"5355\" class=\"elementor elementor-5355\">\n\t\t\t\t<div class=\"elementor-element elementor-element-b61f004 e-flex e-con-boxed wpr-particle-no wpr-jarallax-no wpr-parallax-no wpr-sticky-section-no wpr-equal-height-no e-con e-parent\" data-id=\"b61f004\" data-element_type=\"container\" data-e-type=\"container\">\n\t\t\t\t\t<div class=\"e-con-inner\">\n\t\t\t\t<div class=\"elementor-element elementor-element-2511bfd elementor-widget elementor-widget-heading\" data-id=\"2511bfd\" data-element_type=\"widget\" data-e-type=\"widget\" data-widget_type=\"heading.default\">\n\t\t\t\t<div class=\"elementor-widget-container\">\n\t\t\t\t\t<h2 class=\"elementor-heading-title elementor-size-default\">Whorship and Arts Ministry<\/h2>\t\t\t\t<\/div>\n\t\t\t\t<\/div>\n\t\t\t\t\t<\/div>\n\t\t\t\t<\/div>\n\t\t<div class=\"elementor-element elementor-element-e3eb3ee e-flex e-con-boxed wpr-particle-no wpr-jarallax-no wpr-parallax-no wpr-sticky-section-no wpr-equal-height-no e-con e-parent\" data-id=\"e3eb3ee\" data-element_type=\"container\" data-e-type=\"container\">\n\t\t\t\t\t<div class=\"e-con-inner\">\n\t\t\t\t<div class=\"elementor-element elementor-element-e678ea4 elementor-position-left elementor-vertical-align-middle elementor-widget elementor-widget-image-box\" data-id=\"e678ea4\" data-element_type=\"widget\" data-e-type=\"widget\" data-widget_type=\"image-box.default\">\n\t\t\t\t<div class=\"elementor-widget-container\">\n\t\t\t\t\t<div class=\"elementor-image-box-wrapper\"><figure class=\"elementor-image-box-img\"><img fetchpriority=\"high\" decoding=\"async\" width=\"1080\" height=\"1080\" src=\"https:\/\/alianzacnc.org\/wp-content\/uploads\/2025\/10\/ENCARGADOS-MINISTERIOS-KEVIN-Y-MAGGIE.png\" class=\"attachment-full size-full wp-image-6589\" alt=\"\" srcset=\"https:\/\/alianzacnc.org\/wp-content\/uploads\/2025\/10\/ENCARGADOS-MINISTERIOS-KEVIN-Y-MAGGIE.png 1080w, https:\/\/alianzacnc.org\/wp-content\/uploads\/2025\/10\/ENCARGADOS-MINISTERIOS-KEVIN-Y-MAGGIE-300x300.png 300w, https:\/\/alianzacnc.org\/wp-content\/uploads\/2025\/10\/ENCARGADOS-MINISTERIOS-KEVIN-Y-MAGGIE-1030x1030.png 1030w, https:\/\/alianzacnc.org\/wp-content\/uploads\/2025\/10\/ENCARGADOS-MINISTERIOS-KEVIN-Y-MAGGIE-80x80.png 80w, https:\/\/alianzacnc.org\/wp-content\/uploads\/2025\/10\/ENCARGADOS-MINISTERIOS-KEVIN-Y-MAGGIE-768x768.png 768w, https:\/\/alianzacnc.org\/wp-content\/uploads\/2025\/10\/ENCARGADOS-MINISTERIOS-KEVIN-Y-MAGGIE-12x12.png 12w\" sizes=\"(max-width: 1080px) 100vw, 1080px\" \/><\/figure><div class=\"elementor-image-box-content\"><h3 class=\"elementor-image-box-title\"><h3 class=\"elementor-image-box-title elementor-inline-editing pen\" data-elementor-setting-key=\"title_text\" data-elementor-inline-editing-toolbar=\"none\" data-pen-placeholder=\"Teclea aqu\u00ed...\" style=\"font-style: normal;font-size: 1.76471rem\">Kevin and Margarita Silva<\/h3><font color=\"#7a7a7a\" face=\"Roboto Condensed, sans-serif\"><span style=\"font-size: 17px\">Encargos Adoraci\u00f3n y Artes<\/span><\/font><\/h3><\/div><\/div>\t\t\t\t<\/div>\n\t\t\t\t<\/div>\n\t\t\t\t\t<\/div>\n\t\t\t\t<\/div>\n\t\t<div class=\"elementor-element elementor-element-96f01f7 e-flex e-con-boxed wpr-particle-no wpr-jarallax-no wpr-parallax-no wpr-sticky-section-no wpr-equal-height-no e-con e-parent\" data-id=\"96f01f7\" data-element_type=\"container\" data-e-type=\"container\">\n\t\t\t\t\t<div class=\"e-con-inner\">\n\t\t\t\t<div class=\"elementor-element elementor-element-40f56bb elementor-widget elementor-widget-text-editor\" data-id=\"40f56bb\" data-element_type=\"widget\" data-e-type=\"widget\" data-widget_type=\"text-editor.default\">\n\t\t\t\t<div class=\"elementor-widget-container\">\n\t\t\t\t\t\t\t\t\t<p>We are a church that WORSHIPS God\"; therefore, our whole being must worship Him according to His Word. Aware of our mission, the Worship and Arts ministry has as its main focus the exaltation of the one God who deserves all glory, as well as inspiring and motivating His church, just as John 4:23-24 teaches us:\u00a0<\/p><p>\"But the hour is coming, and now is, when the true worshipers will worship the Father in spirit and truth; for the Father is seeking such to worship Him. God is Spirit, and those who worship Him must worship in spirit and truth.\"\u00a0<\/p>\t\t\t\t\t\t\t\t<\/div>\n\t\t\t\t<\/div>\n\t\t\t\t\t<\/div>\n\t\t\t\t<\/div>\n\t\t<div class=\"elementor-element elementor-element-71cf2c2 e-flex e-con-boxed wpr-particle-no wpr-jarallax-no wpr-parallax-no wpr-sticky-section-no wpr-equal-height-no e-con e-parent\" data-id=\"71cf2c2\" data-element_type=\"container\" data-e-type=\"container\">\n\t\t\t\t\t<div class=\"e-con-inner\">\n\t\t\t\t<div class=\"elementor-element elementor-element-839f16e elementor-widget elementor-widget-eael-image-accordion\" data-id=\"839f16e\" data-element_type=\"widget\" data-e-type=\"widget\" data-widget_type=\"eael-image-accordion.default\">\n\t\t\t\t<div class=\"elementor-widget-container\">\n\t\t\t\t\t    <div class=\"eael-img-accordion accordion-direction-horizontal eael-img-accordion-horizontal-align-center eael-img-accordion-vertical-align-center\" id=\"eael-img-accordion-839f16e\" data-img-accordion-id=\"839f16e\" data-img-accordion-type=\"on-hover\">\n                    \n            <div class=\"eael-image-accordion-hover eael-image-accordion-item\" style=\"background-image: url(https:\/\/alianzacnc.org\/wp-content\/uploads\/2025\/03\/1.jpg);\"  tabindex=\"0\">\n                <div class=\"overlay\">\n                                        <div class=\"overlay-inner\">\n                                            <\/div>\n                <\/div>\n            <\/div>\n                    \n            <div class=\"eael-image-accordion-hover eael-image-accordion-item\" style=\"background-image: url(https:\/\/alianzacnc.org\/wp-content\/uploads\/2025\/03\/2-scaled.jpg);\"  tabindex=\"0\">\n                <div class=\"overlay\">\n                                        <div class=\"overlay-inner\">\n                                            <\/div>\n                <\/div>\n            <\/div>\n                    \n            <div class=\"eael-image-accordion-hover eael-image-accordion-item\" style=\"background-image: url(https:\/\/alianzacnc.org\/wp-content\/uploads\/2025\/03\/6-scaled.jpg);\"  tabindex=\"0\">\n                <div class=\"overlay\">\n                                        <div class=\"overlay-inner\">\n                                            <\/div>\n                <\/div>\n            <\/div>\n                    \n            <div class=\"eael-image-accordion-hover eael-image-accordion-item\" style=\"background-image: url(https:\/\/alianzacnc.org\/wp-content\/uploads\/2025\/03\/7-scaled.jpg);\"  tabindex=\"0\">\n                <div class=\"overlay\">\n                                        <div class=\"overlay-inner\">\n                                            <\/div>\n                <\/div>\n            <\/div>\n                <\/div>\n        <style typr=\"text\/css\">\n                    #eael-img-accordion-839f16e .eael-image-accordion-hover:hover {\n                        flex: 3 1 0% !important;\n                    }\n                    #eael-img-accordion-839f16e .eael-image-accordion-hover:hover:hover .overlay-inner * {\n                        opacity: 1;\n                        visibility: visible;\n                        transform: none;\n                        transition: all .3s .3s;\n                    }\n                <\/style>\t\t\t\t<\/div>\n\t\t\t\t<\/div>\n\t\t\t\t\t<\/div>\n\t\t\t\t<\/div>\n\t\t<div class=\"elementor-element elementor-element-4885b7e e-flex e-con-boxed wpr-particle-no wpr-jarallax-no wpr-parallax-no wpr-sticky-section-no wpr-equal-height-no e-con e-parent\" data-id=\"4885b7e\" data-element_type=\"container\" data-e-type=\"container\">\n\t\t\t\t\t<div class=\"e-con-inner\">\n\t\t\t\t<div class=\"elementor-element elementor-element-6082e51 elementor-widget elementor-widget-text-editor\" data-id=\"6082e51\" data-element_type=\"widget\" data-e-type=\"widget\" data-widget_type=\"text-editor.default\">\n\t\t\t\t<div class=\"elementor-widget-container\">\n\t\t\t\t\t\t\t\t\t<p>\"With the resources God has given us (theater, short films, choir, choreographies, dances, musical productions, etc.), we carry out this mission of glorifying His name with transcendent excellence.\"&nbsp;<\/p>\t\t\t\t\t\t\t\t<\/div>\n\t\t\t\t<\/div>\n\t\t\t\t\t<\/div>\n\t\t\t\t<\/div>\n\t\t\t\t<\/div>","protected":false},"excerpt":{"rendered":"<p>MINISTERIO DE ADORACI\u00d3N Y ARTES Kevin y Margarita Silva Encargos Adoraci\u00f3n y Artes Somos una iglesia que ADORA a Dios\u00bb; por lo tanto, todo nuestro ser debe adorarle conforme a Su palabra. Consientes de nuestra misi\u00f3n, el ministerio ADORACI\u00d3N y ARTES, tiene como enfoque principal, exaltar al \u00fanico Dios que merece toda la gloria, adem\u00e1s de inspirar y motivar a Su iglesia, tal como nos ense\u00f1a Juan 4:23-24:\u00a0 \u00abMas la hora viene, y ahora es, cuando los verdaderos adoradores adoraran al Padre en esp\u00edritu y en verdad; porque tambi\u00e9n el Padre tales adoradores busca que le adoren. Dios es Esp\u00edritu; y los que le adoran, en esp\u00edritu y en verdad es necesario que adoren\u00bb.\u00a0 Con los recursos que Dios nos ha dado (teatro, cortometrajes, coro, coreograf\u00edas, danzas, producciones musicales, etc) llevamos a cabo esta misi\u00f3n de glorificar Su nombre, con excelencia trascendente.&nbsp;<\/p>","protected":false},"author":1,"featured_media":0,"parent":0,"menu_order":0,"comment_status":"closed","ping_status":"closed","template":"","meta":{"_eb_attr":"","_uag_custom_page_level_css":"","site-sidebar-layout":"no-sidebar","site-content-layout":"page-builder","ast-site-content-layout":"full-width-container","site-content-style":"default","site-sidebar-style":"default","ast-global-header-display":"","ast-banner-title-visibility":"","ast-main-header-display":"","ast-hfb-above-header-display":"","ast-hfb-below-header-display":"","ast-hfb-mobile-header-display":"","site-post-title":"disabled","ast-breadcrumbs-content":"","ast-featured-img":"disabled","footer-sml-layout":"","ast-disable-related-posts":"","theme-transparent-header-meta":"","adv-header-id-meta":"","stick-header-meta":"","header-above-stick-meta":"","header-main-stick-meta":"","header-below-stick-meta":"","astra-migrate-meta-layouts":"default","ast-page-background-enabled":"default","ast-page-background-meta":{"desktop":{"background-color":"var(--ast-global-color-4)","background-image":"","background-repeat":"repeat","background-position":"center center","background-size":"auto","background-attachment":"scroll","background-type":"","background-media":"","overlay-type":"","overlay-color":"","overlay-opacity":"","overlay-gradient":""},"tablet":{"background-color":"","background-image":"","background-repeat":"repeat","background-position":"center center","background-size":"auto","background-attachment":"scroll","background-type":"","background-media":"","overlay-type":"","overlay-color":"","overlay-opacity":"","overlay-gradient":""},"mobile":{"background-color":"","background-image":"","background-repeat":"repeat","background-position":"center center","background-size":"auto","background-attachment":"scroll","background-type":"","background-media":"","overlay-type":"","overlay-color":"","overlay-opacity":"","overlay-gradient":""}},"ast-content-background-meta":{"desktop":{"background-color":"var(--ast-global-color-5)","background-image":"","background-repeat":"repeat","background-position":"center center","background-size":"auto","background-attachment":"scroll","background-type":"","background-media":"","overlay-type":"","overlay-color":"","overlay-opacity":"","overlay-gradient":""},"tablet":{"background-color":"var(--ast-global-color-5)","background-image":"","background-repeat":"repeat","background-position":"center center","background-size":"auto","background-attachment":"scroll","background-type":"","background-media":"","overlay-type":"","overlay-color":"","overlay-opacity":"","overlay-gradient":""},"mobile":{"background-color":"var(--ast-global-color-5)","background-image":"","background-repeat":"repeat","background-position":"center center","background-size":"auto","background-attachment":"scroll","background-type":"","background-media":"","overlay-type":"","overlay-color":"","overlay-opacity":"","overlay-gradient":""}},"footnotes":""},"class_list":["post-5355","page","type-page","status-publish","hentry"],"uagb_featured_image_src":{"full":false,"thumbnail":false,"medium":false,"medium_large":false,"large":false,"1536x1536":false,"2048x2048":false,"trp-custom-language-flag":false},"uagb_author_info":{"display_name":"admincnc","author_link":"https:\/\/alianzacnc.org\/en\/author\/admincnc\/"},"uagb_comment_info":0,"uagb_excerpt":"MINISTERIO DE ADORACI\u00d3N Y ARTES Kevin y Margarita Silva Encargos Adoraci\u00f3n y Artes Somos una iglesia que ADORA a Dios\u00bb; por lo tanto, todo nuestro ser debe adorarle conforme a Su palabra. Consientes de nuestra misi\u00f3n, el ministerio ADORACI\u00d3N y ARTES, tiene como enfoque principal, exaltar al \u00fanico Dios que merece toda la gloria, adem\u00e1s&hellip;","_links":{"self":[{"href":"https:\/\/alianzacnc.org\/en\/wp-json\/wp\/v2\/pages\/5355","targetHints":{"allow":["GET"]}}],"collection":[{"href":"https:\/\/alianzacnc.org\/en\/wp-json\/wp\/v2\/pages"}],"about":[{"href":"https:\/\/alianzacnc.org\/en\/wp-json\/wp\/v2\/types\/page"}],"author":[{"embeddable":true,"href":"https:\/\/alianzacnc.org\/en\/wp-json\/wp\/v2\/users\/1"}],"replies":[{"embeddable":true,"href":"https:\/\/alianzacnc.org\/en\/wp-json\/wp\/v2\/comments?post=5355"}],"version-history":[{"count":32,"href":"https:\/\/alianzacnc.org\/en\/wp-json\/wp\/v2\/pages\/5355\/revisions"}],"predecessor-version":[{"id":6711,"href":"https:\/\/alianzacnc.org\/en\/wp-json\/wp\/v2\/pages\/5355\/revisions\/6711"}],"wp:attachment":[{"href":"https:\/\/alianzacnc.org\/en\/wp-json\/wp\/v2\/media?parent=5355"}],"curies":[{"name":"wp","href":"https:\/\/api.w.org\/{rel}","templated":true}]}}