{"id":5815,"date":"2025-02-06T22:30:59","date_gmt":"2025-02-06T22:30:59","guid":{"rendered":"https:\/\/alianzacnc.org\/?page_id=5815"},"modified":"2025-02-07T18:50:16","modified_gmt":"2025-02-07T18:50:16","slug":"declaracion-de-fe","status":"publish","type":"page","link":"https:\/\/alianzacnc.org\/en\/declaracion-de-fe\/","title":{"rendered":"Declaration of faith"},"content":{"rendered":"<div data-elementor-type=\"wp-page\" data-elementor-id=\"5815\" class=\"elementor elementor-5815\">\n\t\t\t\t<div class=\"elementor-element elementor-element-a36f876 e-flex e-con-boxed wpr-particle-no wpr-jarallax-no wpr-parallax-no wpr-sticky-section-no wpr-equal-height-no e-con e-parent\" data-id=\"a36f876\" data-element_type=\"container\" data-e-type=\"container\">\n\t\t\t\t\t<div class=\"e-con-inner\">\n\t\t\t\t<div class=\"elementor-element elementor-element-49ce986 elementor-widget elementor-widget-heading\" data-id=\"49ce986\" data-element_type=\"widget\" data-e-type=\"widget\" data-widget_type=\"heading.default\">\n\t\t\t\t<div class=\"elementor-widget-container\">\n\t\t\t\t\t<h2 class=\"elementor-heading-title elementor-size-default\">STATEMENT OF FAITH<\/h2>\t\t\t\t<\/div>\n\t\t\t\t<\/div>\n\t\t\t\t\t<\/div>\n\t\t\t\t<\/div>\n\t\t<div class=\"elementor-element elementor-element-4e5d694 e-flex e-con-boxed wpr-particle-no wpr-jarallax-no wpr-parallax-no wpr-sticky-section-no wpr-equal-height-no e-con e-parent\" data-id=\"4e5d694\" data-element_type=\"container\" data-e-type=\"container\">\n\t\t\t\t\t<div class=\"e-con-inner\">\n\t\t\t\t<div class=\"elementor-element elementor-element-d4494fa elementor-widget elementor-widget-text-editor\" data-id=\"d4494fa\" data-element_type=\"widget\" data-e-type=\"widget\" data-widget_type=\"text-editor.default\">\n\t\t\t\t<div class=\"elementor-widget-container\">\n\t\t\t\t\t\t\t\t\t<p>1.&nbsp;<span style=\"text-align: var(--text-align);\">There is one infinite, unchanging, and perfect God \u2014 Creator and Sustainer of all things \u2014 eternally existing in three persons: Father, Son, and Holy Spirit; three in one and one in three.<br><br><\/span><\/p>\n<p><span style=\"text-align: var(--text-align);\">2.&nbsp;<\/span><span style=\"text-align: var(--text-align);\">Jesus Christ is truly God and truly man. He was conceived by the power of the Holy Spirit, born of the virgin Mary, lived a sinless life, and died on the cross \u2014 the righteous for the unrighteous \u2014 as a substitutionary sacrifice. He is the Savior of all who, in repentance, place their faith in Him and receive Him personally. He rose bodily from the dead in fulfillment of the Holy Scriptures. Today, He is seated at the right hand of God as our High Priest and the only Mediator between God and mankind. He will come again to establish His kingdom of righteousness and peace.<br><br><\/span><\/p>\n<div><span style=\"font-style: inherit; font-weight: inherit; color: var( --e-global-color-text ); font-family: var( --e-global-typography-text-font-family ), Sans-serif; text-align: var(--text-align);\">3.&nbsp;<\/span><span style=\"text-align: var(--text-align);\">The Holy Spirit is the third person of the Holy Trinity, sent to dwell in the believer to guide, teach, and fill them with His power, as well as to convict the world of sin, righteousness, and judgment.<\/span><\/div>\n<div><span style=\"color: var( --e-global-color-text ); font-family: var( --e-global-typography-text-font-family ), Sans-serif; font-weight: var( --e-global-typography-text-font-weight ); text-align: var(--text-align); font-size: 1rem;\"><br>4.&nbsp;<\/span><span style=\"text-align: var(--text-align);\">The Holy Scriptures, consisting of 66 books divided into the Old and New Testaments, were supernaturally, fully, and dynamically inspired by God in their original form, and thus constitute the infallible Word of God and His complete revelation of the way of salvation for mankind and the only rule of Christian faith and conduct.<\/span><\/div>\n<div><span style=\"color: var( --e-global-color-text ); font-family: var( --e-global-typography-text-font-family ), Sans-serif; font-weight: var( --e-global-typography-text-font-weight ); text-align: var(--text-align); font-size: 1rem;\"><br>5.&nbsp;<\/span><span style=\"text-align: var(--text-align);\">Man, originally created in the image and likeness of God, fell through disobedience, bringing physical and spiritual death upon the human race. From then on, man is born with a sinful nature, separated from God and on the path to hell.<\/span><\/div>\n<div><br>6.&nbsp;<span style=\"text-align: var(--text-align);\">The destiny of the unrepentant and unbelieving is an existence of eternal torment.<\/span><\/div>\n<div><br>7.&nbsp;<span style=\"text-align: var(--text-align);\">The destiny of the believer is an existence in spirit, soul, and glorified body, of eternal joy and blessedness in the presence of God.<\/span><\/div>\n<div><span style=\"color: var( --e-global-color-text ); font-family: var( --e-global-typography-text-font-family ), Sans-serif; font-weight: var( --e-global-typography-text-font-weight ); text-align: var(--text-align); font-size: 1rem;\"><br>8.&nbsp;<\/span><span style=\"text-align: var(--text-align);\">It is God\u2019s will that every believer experience the fullness of the Holy Spirit in their life. This begins with a post-conversion crisis experience and continues progressively through obedience to His Word, thereby receiving the power necessary to live a holy life for the honor and glory of God.<\/span><\/div>\n<div><span style=\"color: var( --e-global-color-text ); font-family: var( --e-global-typography-text-font-family ), Sans-serif; font-weight: var( --e-global-typography-text-font-weight ); text-align: var(--text-align); font-size: 1rem;\"><br>9.&nbsp;<\/span><span style=\"text-align: var(--text-align);\">God has the power to heal any sickness. Therefore, we pray for the sick, anointing them with oil in the name of the Lord Jesus Christ, according to the teachings of God\u2019s Word.<\/span><\/div>\n<div><span style=\"color: var( --e-global-color-text ); font-family: var( --e-global-typography-text-font-family ), Sans-serif; font-weight: var( --e-global-typography-text-font-weight ); text-align: var(--text-align); font-size: 1rem;\"><br>10.&nbsp;<\/span><span style=\"text-align: var(--text-align);\">The universal Church is made up of the saints of all ages, and Jesus Christ is its head. The Church has been commissioned to preach the Gospel to every creature in all nations, baptizing them in the name of the Father, the Son, and the Holy Spirit, and teaching them to obey all of Christ\u2019s commands.<\/span><\/div>\n<div><span style=\"color: var( --e-global-color-text ); font-family: var( --e-global-typography-text-font-family ), Sans-serif; font-weight: var( --e-global-typography-text-font-weight ); text-align: var(--text-align); font-size: 1rem;\"><br>11.&nbsp;<\/span><span style=\"text-align: var(--text-align);\">Christ will return bodily to the earth a second time to establish His Kingdom. His coming is imminent, and we believe it will be premillennial.<\/span><\/div>\n<div><span style=\"color: var( --e-global-color-text ); font-family: var( --e-global-typography-text-font-family ), Sans-serif; font-weight: var( --e-global-typography-text-font-weight ); text-align: var(--text-align); font-size: 1rem;\"><br>12.&nbsp;<\/span><span style=\"text-align: var(--text-align);\">Every believer in Christ, guided by the Holy Spirit, can personally study the Holy Scriptures for the benefit of their spiritual life.<\/span><\/div>\n<div><span style=\"color: var( --e-global-color-text ); font-family: var( --e-global-typography-text-font-family ), Sans-serif; font-weight: var( --e-global-typography-text-font-weight ); text-align: var(--text-align); font-size: 1rem;\"><br>13.&nbsp;<\/span><span style=\"text-align: var(--text-align);\">God has established civil authority to define and help people observe and fulfill their responsibilities toward one another.<\/span><\/div>\t\t\t\t\t\t\t\t<\/div>\n\t\t\t\t<\/div>\n\t\t\t\t\t<\/div>\n\t\t\t\t<\/div>\n\t\t<div class=\"elementor-element elementor-element-71d2592 e-flex e-con-boxed wpr-particle-no wpr-jarallax-no wpr-parallax-no wpr-sticky-section-no wpr-equal-height-no e-con e-parent\" data-id=\"71d2592\" data-element_type=\"container\" data-e-type=\"container\">\n\t\t\t\t\t<div class=\"e-con-inner\">\n\t\t\t\t<div class=\"elementor-element elementor-element-a7e11b5 elementor-widget elementor-widget-spacer\" data-id=\"a7e11b5\" data-element_type=\"widget\" data-e-type=\"widget\" data-widget_type=\"spacer.default\">\n\t\t\t\t<div class=\"elementor-widget-container\">\n\t\t\t\t\t\t\t<div class=\"elementor-spacer\">\n\t\t\t<div class=\"elementor-spacer-inner\"><\/div>\n\t\t<\/div>\n\t\t\t\t\t\t<\/div>\n\t\t\t\t<\/div>\n\t\t\t\t\t<\/div>\n\t\t\t\t<\/div>\n\t\t\t\t<\/div>","protected":false},"excerpt":{"rendered":"<p>DECLARACI\u00d3N DE FE 1.&nbsp;Hay un solo Dios Infinito, Inmutable y Perfecto Creador y Sustentador de todas las cosas, de eterna existencia en las tres personas de la Trinidad: Padre, Hijo y Espiritu Santo; tres en uno y uno en tres. 2.&nbsp;Jesucristo es Verdadero Dios y Verdadero hombre. Fue concebido por virtud del Espiritu Santo; naci\u00f3 de la virgen Mar\u00eda; vivi\u00f3 sin pecado y muri\u00f3 en la cruz, el justo por los injustos en sacrificio sustitutorio. Es Salvador de todos los que, en arrepen-timiento, ponen su fe en El y le reciben como tal personalmente. Se levant\u00f3 corpo ralmente de entre los muertos en cumplimiento de las Sagradas Escrituras. Hoy est\u00e1 a la diestra de Dios como nuestro Sumo Sacerdote y \u00fanico Mediador entre Dios y los hombres. Vendr\u00e1 otra vez para establecer su reino de justicia y paz. 3.&nbsp;El Espiritu Santo es la tercera persona de la Sant\u00edsima Trinidad, enviado a habitar en el creyente para guiarle, ense\u00f1arle y llenarle con su poder, como tambi\u00e9n para convencer al mundo de pecado, justicia y juicio. 4.&nbsp;Las Sagradas Escrituras, compuesta por 66 libros divididos en el Antiguo Testamen 4 to y Nuevo Testamento, fueron sobrenatural, plenaria y din\u00e1micamente inspiradas por Dios en su forma original, y constituyen asi la Palabra infalible de Dios y su revel-aci\u00f3n completa del camino de salvaci\u00f3n para el hombre y su \u00fanica regla de fe y conducta cristiana. 5.&nbsp;El hombre, originalmente creado a imagen y semejanza de Dios, cay\u00f3 por desobe-diencia, trayendo as\u00ed la muerte fisica y espiritual sobre la raza humana. El hombre nace, desde entonces, con la naturaleza pecaminosa, separado de Dios y en camino al infierno. 6.&nbsp;El destino del impenitente e incr\u00e9dulo es una existencia de tormento eterno. 7.&nbsp;El destino del creyente es una existencia en esp\u00edritu, alma y cuerpo glorificado, de eterno gozo y bienaventuranza en la presencia de Dios. 8.&nbsp;La voluntad de Dios es que cada creyente experimente la plenitud del Esp\u00edritu Santo en su vida, la cual se inicia con una experiencia de crisis posterior a su conversi\u00f3n, y contin\u00faa en forma progresiva y en obediencia a Su Palabra, recibien-do as\u00ed el poder necesario para lograr una vida santa para la honra y gloria de Dios. 9.&nbsp;Dios tiene poder para sanar cualquier enfermedad. Por lo tanto, oramos a favor de los enfermos ungi\u00e9ndoles con aceite en el nombre del Se\u00f1or Jesucristo, seg\u00fan las ense\u00f1anzas de la Palabra de Dios. 10.&nbsp;La iglesia universal est\u00e1 compuesta por los santos de todas las edades y Jesucristo es Su cabeza. La iglesia ha sido comisionada para predicar el Evangelio a toda criatura en todas las naciones, bautiz\u00e1ndolas en el nombre del Padre, del Hijo y del Esp\u00edritu Santo, y ense\u00f1\u00e1ndoles a cumplir con todos los mandatos de Cristo. 11.&nbsp;Cristo volver\u00e1 corporalmente por segunda vez a la tierra, para establecer Su reino. Su venida es inminente y creemos que ser\u00e1 premilenial. 12.&nbsp;Cada creyente en Cristo, guiado por el Espiritu Santo, puede estudiar personalmente las Sagradas Escrituras para beneficio de su vida espiritual. 13.&nbsp;Dios ha establecido la autoridad civil para definir y ayudar a los hombres a observar y cumplir sus responsabilidades entre s\u00ed mismos.<\/p>","protected":false},"author":1,"featured_media":0,"parent":0,"menu_order":0,"comment_status":"closed","ping_status":"closed","template":"","meta":{"_eb_attr":"","_uag_custom_page_level_css":"","site-sidebar-layout":"no-sidebar","site-content-layout":"page-builder","ast-site-content-layout":"full-width-container","site-content-style":"default","site-sidebar-style":"default","ast-global-header-display":"","ast-banner-title-visibility":"","ast-main-header-display":"","ast-hfb-above-header-display":"","ast-hfb-below-header-display":"","ast-hfb-mobile-header-display":"","site-post-title":"disabled","ast-breadcrumbs-content":"","ast-featured-img":"disabled","footer-sml-layout":"","ast-disable-related-posts":"","theme-transparent-header-meta":"","adv-header-id-meta":"","stick-header-meta":"","header-above-stick-meta":"","header-main-stick-meta":"","header-below-stick-meta":"","astra-migrate-meta-layouts":"set","ast-page-background-enabled":"default","ast-page-background-meta":{"desktop":{"background-color":"var(--ast-global-color-4)","background-image":"","background-repeat":"repeat","background-position":"center center","background-size":"auto","background-attachment":"scroll","background-type":"","background-media":"","overlay-type":"","overlay-color":"","overlay-opacity":"","overlay-gradient":""},"tablet":{"background-color":"","background-image":"","background-repeat":"repeat","background-position":"center center","background-size":"auto","background-attachment":"scroll","background-type":"","background-media":"","overlay-type":"","overlay-color":"","overlay-opacity":"","overlay-gradient":""},"mobile":{"background-color":"","background-image":"","background-repeat":"repeat","background-position":"center center","background-size":"auto","background-attachment":"scroll","background-type":"","background-media":"","overlay-type":"","overlay-color":"","overlay-opacity":"","overlay-gradient":""}},"ast-content-background-meta":{"desktop":{"background-color":"var(--ast-global-color-5)","background-image":"","background-repeat":"repeat","background-position":"center center","background-size":"auto","background-attachment":"scroll","background-type":"","background-media":"","overlay-type":"","overlay-color":"","overlay-opacity":"","overlay-gradient":""},"tablet":{"background-color":"var(--ast-global-color-5)","background-image":"","background-repeat":"repeat","background-position":"center center","background-size":"auto","background-attachment":"scroll","background-type":"","background-media":"","overlay-type":"","overlay-color":"","overlay-opacity":"","overlay-gradient":""},"mobile":{"background-color":"var(--ast-global-color-5)","background-image":"","background-repeat":"repeat","background-position":"center center","background-size":"auto","background-attachment":"scroll","background-type":"","background-media":"","overlay-type":"","overlay-color":"","overlay-opacity":"","overlay-gradient":""}},"footnotes":""},"class_list":["post-5815","page","type-page","status-publish","hentry"],"uagb_featured_image_src":{"full":false,"thumbnail":false,"medium":false,"medium_large":false,"large":false,"1536x1536":false,"2048x2048":false,"trp-custom-language-flag":false},"uagb_author_info":{"display_name":"admincnc","author_link":"https:\/\/alianzacnc.org\/en\/author\/admincnc\/"},"uagb_comment_info":0,"uagb_excerpt":"DECLARACI\u00d3N DE FE 1.&nbsp;Hay un solo Dios Infinito, Inmutable y Perfecto Creador y Sustentador de todas las cosas, de eterna existencia en las tres personas de la Trinidad: Padre, Hijo y Espiritu Santo; tres en uno y uno en tres. 2.&nbsp;Jesucristo es Verdadero Dios y Verdadero hombre. Fue concebido por virtud del Espiritu Santo; naci\u00f3&hellip;","_links":{"self":[{"href":"https:\/\/alianzacnc.org\/en\/wp-json\/wp\/v2\/pages\/5815","targetHints":{"allow":["GET"]}}],"collection":[{"href":"https:\/\/alianzacnc.org\/en\/wp-json\/wp\/v2\/pages"}],"about":[{"href":"https:\/\/alianzacnc.org\/en\/wp-json\/wp\/v2\/types\/page"}],"author":[{"embeddable":true,"href":"https:\/\/alianzacnc.org\/en\/wp-json\/wp\/v2\/users\/1"}],"replies":[{"embeddable":true,"href":"https:\/\/alianzacnc.org\/en\/wp-json\/wp\/v2\/comments?post=5815"}],"version-history":[{"count":10,"href":"https:\/\/alianzacnc.org\/en\/wp-json\/wp\/v2\/pages\/5815\/revisions"}],"predecessor-version":[{"id":5864,"href":"https:\/\/alianzacnc.org\/en\/wp-json\/wp\/v2\/pages\/5815\/revisions\/5864"}],"wp:attachment":[{"href":"https:\/\/alianzacnc.org\/en\/wp-json\/wp\/v2\/media?parent=5815"}],"curies":[{"name":"wp","href":"https:\/\/api.w.org\/{rel}","templated":true}]}}