{"id":6561,"date":"2025-10-17T15:29:47","date_gmt":"2025-10-17T15:29:47","guid":{"rendered":"https:\/\/alianzacnc.org\/?page_id=6561"},"modified":"2025-10-17T16:04:19","modified_gmt":"2025-10-17T16:04:19","slug":"ministerio-de-adultos-mayores","status":"publish","type":"page","link":"https:\/\/alianzacnc.org\/en\/ministerio-de-adultos-mayores\/","title":{"rendered":"Ministerio de Adultos"},"content":{"rendered":"<div data-elementor-type=\"wp-page\" data-elementor-id=\"6561\" class=\"elementor elementor-6561\">\n\t\t\t\t<div class=\"elementor-element elementor-element-ca2b2ed e-flex e-con-boxed wpr-particle-no wpr-jarallax-no wpr-parallax-no wpr-sticky-section-no wpr-equal-height-no e-con e-parent\" data-id=\"ca2b2ed\" data-element_type=\"container\" data-e-type=\"container\">\n\t\t\t\t\t<div class=\"e-con-inner\">\n\t\t\t\t<div class=\"elementor-element elementor-element-309d385 elementor-widget elementor-widget-heading\" data-id=\"309d385\" data-element_type=\"widget\" data-e-type=\"widget\" data-widget_type=\"heading.default\">\n\t\t\t\t<div class=\"elementor-widget-container\">\n\t\t\t\t\t<h2 class=\"elementor-heading-title elementor-size-default\">ministerio de adultos<\/h2>\t\t\t\t<\/div>\n\t\t\t\t<\/div>\n\t\t\t\t<div class=\"elementor-element elementor-element-4ea32ae elementor-position-left elementor-vertical-align-middle elementor-widget elementor-widget-image-box\" data-id=\"4ea32ae\" data-element_type=\"widget\" data-e-type=\"widget\" data-widget_type=\"image-box.default\">\n\t\t\t\t<div class=\"elementor-widget-container\">\n\t\t\t\t\t<div class=\"elementor-image-box-wrapper\"><figure class=\"elementor-image-box-img\"><img fetchpriority=\"high\" decoding=\"async\" width=\"1080\" height=\"1080\" src=\"https:\/\/alianzacnc.org\/wp-content\/uploads\/2025\/10\/ENCARGADOS-MINISTERIOS.png\" class=\"attachment-full size-full wp-image-6566\" alt=\"\" srcset=\"https:\/\/alianzacnc.org\/wp-content\/uploads\/2025\/10\/ENCARGADOS-MINISTERIOS.png 1080w, https:\/\/alianzacnc.org\/wp-content\/uploads\/2025\/10\/ENCARGADOS-MINISTERIOS-300x300.png 300w, https:\/\/alianzacnc.org\/wp-content\/uploads\/2025\/10\/ENCARGADOS-MINISTERIOS-1030x1030.png 1030w, https:\/\/alianzacnc.org\/wp-content\/uploads\/2025\/10\/ENCARGADOS-MINISTERIOS-80x80.png 80w, https:\/\/alianzacnc.org\/wp-content\/uploads\/2025\/10\/ENCARGADOS-MINISTERIOS-768x768.png 768w, https:\/\/alianzacnc.org\/wp-content\/uploads\/2025\/10\/ENCARGADOS-MINISTERIOS-12x12.png 12w\" sizes=\"(max-width: 1080px) 100vw, 1080px\" \/><\/figure><div class=\"elementor-image-box-content\"><h3 class=\"elementor-image-box-title\">Luis Camargo<\/h3><p class=\"elementor-image-box-description\">Encargados de Adultos<\/p><\/div><\/div>\t\t\t\t<\/div>\n\t\t\t\t<\/div>\n\t\t\t\t<div class=\"elementor-element elementor-element-bd3d500 elementor-position-left elementor-vertical-align-middle elementor-widget elementor-widget-image-box\" data-id=\"bd3d500\" data-element_type=\"widget\" data-e-type=\"widget\" data-widget_type=\"image-box.default\">\n\t\t\t\t<div class=\"elementor-widget-container\">\n\t\t\t\t\t<div class=\"elementor-image-box-wrapper\"><figure class=\"elementor-image-box-img\"><img decoding=\"async\" width=\"2923\" height=\"1506\" src=\"https:\/\/alianzacnc.org\/wp-content\/uploads\/2025\/02\/mujeres-victoriosas.png\" class=\"attachment-full size-full wp-image-6201\" alt=\"\" srcset=\"https:\/\/alianzacnc.org\/wp-content\/uploads\/2025\/02\/mujeres-victoriosas.png 2923w, https:\/\/alianzacnc.org\/wp-content\/uploads\/2025\/02\/mujeres-victoriosas-300x155.png 300w, https:\/\/alianzacnc.org\/wp-content\/uploads\/2025\/02\/mujeres-victoriosas-1030x531.png 1030w, https:\/\/alianzacnc.org\/wp-content\/uploads\/2025\/02\/mujeres-victoriosas-768x396.png 768w, https:\/\/alianzacnc.org\/wp-content\/uploads\/2025\/02\/mujeres-victoriosas-1536x791.png 1536w, https:\/\/alianzacnc.org\/wp-content\/uploads\/2025\/02\/mujeres-victoriosas-2048x1055.png 2048w\" sizes=\"(max-width: 2923px) 100vw, 2923px\" \/><\/figure><div class=\"elementor-image-box-content\"><h3 class=\"elementor-image-box-title\">MUJERES VICTORIOSAS<\/h3><p class=\"elementor-image-box-description\"><span>\"Mujeres victoriosas\" is a space created for all widows and single mothers, whose goal is to reach God's promises for their lives.<\/span><\/p><\/div><\/div>\t\t\t\t<\/div>\n\t\t\t\t<\/div>\n\t\t\t\t<div class=\"elementor-element elementor-element-d0c13c8 elementor-widget elementor-widget-eael-image-accordion\" data-id=\"d0c13c8\" data-element_type=\"widget\" data-e-type=\"widget\" data-widget_type=\"eael-image-accordion.default\">\n\t\t\t\t<div class=\"elementor-widget-container\">\n\t\t\t\t\t    <div class=\"eael-img-accordion accordion-direction-horizontal eael-img-accordion-horizontal-align-center eael-img-accordion-vertical-align-center\" id=\"eael-img-accordion-d0c13c8\" data-img-accordion-id=\"d0c13c8\" data-img-accordion-type=\"on-hover\">\n                    \n            <div class=\"eael-image-accordion-hover eael-image-accordion-item\" style=\"background-image: url(https:\/\/alianzacnc.org\/wp-content\/uploads\/2025\/02\/480612738_941278661520167_2168262468254464753_n.jpg);\"  tabindex=\"0\">\n                <div class=\"overlay\">\n                                        <div class=\"overlay-inner\">\n                                            <\/div>\n                <\/div>\n            <\/div>\n                    \n            <div class=\"eael-image-accordion-hover eael-image-accordion-item\" style=\"background-image: url(https:\/\/alianzacnc.org\/wp-content\/uploads\/2025\/02\/480668858_941278778186822_9006082251790514710_n.jpg);\"  tabindex=\"0\">\n                <div class=\"overlay\">\n                                        <div class=\"overlay-inner\">\n                                            <\/div>\n                <\/div>\n            <\/div>\n                    \n            <div class=\"eael-image-accordion-hover eael-image-accordion-item\" style=\"background-image: url(https:\/\/alianzacnc.org\/wp-content\/uploads\/2025\/02\/480434077_941278851520148_3989386346139115672_n.jpg);\"  tabindex=\"0\">\n                <div class=\"overlay\">\n                                        <div class=\"overlay-inner\">\n                                            <\/div>\n                <\/div>\n            <\/div>\n                    \n            <div class=\"eael-image-accordion-hover eael-image-accordion-item\" style=\"background-image: url(https:\/\/alianzacnc.org\/wp-content\/uploads\/2025\/02\/468443573_883810557266978_2545865189760177053_n.jpg);\"  tabindex=\"0\">\n                <div class=\"overlay\">\n                                        <div class=\"overlay-inner\">\n                                            <\/div>\n                <\/div>\n            <\/div>\n                <\/div>\n        <style typr=\"text\/css\">\n                    #eael-img-accordion-d0c13c8 .eael-image-accordion-hover:hover {\n                        flex: 3 1 0% !important;\n                    }\n                    #eael-img-accordion-d0c13c8 .eael-image-accordion-hover:hover:hover .overlay-inner * {\n                        opacity: 1;\n                        visibility: visible;\n                        transform: none;\n                        transition: all .3s .3s;\n                    }\n                <\/style>\t\t\t\t<\/div>\n\t\t\t\t<\/div>\n\t\t\t\t<div class=\"elementor-element elementor-element-db440ce elementor-widget-divider--view-line elementor-widget elementor-widget-divider\" data-id=\"db440ce\" data-element_type=\"widget\" data-e-type=\"widget\" data-widget_type=\"divider.default\">\n\t\t\t\t<div class=\"elementor-widget-container\">\n\t\t\t\t\t\t\t<div class=\"elementor-divider\">\n\t\t\t<span class=\"elementor-divider-separator\">\n\t\t\t\t\t\t<\/span>\n\t\t<\/div>\n\t\t\t\t\t\t<\/div>\n\t\t\t\t<\/div>\n\t\t\t\t<div class=\"elementor-element elementor-element-0575b61 elementor-position-right elementor-vertical-align-middle elementor-widget elementor-widget-image-box\" data-id=\"0575b61\" data-element_type=\"widget\" data-e-type=\"widget\" data-widget_type=\"image-box.default\">\n\t\t\t\t<div class=\"elementor-widget-container\">\n\t\t\t\t\t<div class=\"elementor-image-box-wrapper\"><figure class=\"elementor-image-box-img\"><img decoding=\"async\" width=\"1080\" height=\"1080\" src=\"https:\/\/alianzacnc.org\/wp-content\/uploads\/2025\/02\/torre-fuerte.png\" class=\"attachment-full size-full wp-image-6207\" alt=\"\" srcset=\"https:\/\/alianzacnc.org\/wp-content\/uploads\/2025\/02\/torre-fuerte.png 1080w, https:\/\/alianzacnc.org\/wp-content\/uploads\/2025\/02\/torre-fuerte-300x300.png 300w, https:\/\/alianzacnc.org\/wp-content\/uploads\/2025\/02\/torre-fuerte-1030x1030.png 1030w, https:\/\/alianzacnc.org\/wp-content\/uploads\/2025\/02\/torre-fuerte-80x80.png 80w, https:\/\/alianzacnc.org\/wp-content\/uploads\/2025\/02\/torre-fuerte-768x768.png 768w\" sizes=\"(max-width: 1080px) 100vw, 1080px\" \/><\/figure><div class=\"elementor-image-box-content\"><h3 class=\"elementor-image-box-title\">torre fuerte<\/h3><p class=\"elementor-image-box-description\"><span style=\"text-align: start\">Son personas que ya alcanzaron las primeras metas en su vida personal y se re\u00fanen para fortalecer una relaci\u00f3n amical, fraternal y cristiana. Es un grupo muy s\u00f3lido y din\u00e1mico que aporta significativamente para el cumplimiento de La Gran Visi\u00f3n en IACyM Cono Norte Callao<\/span><\/p><\/div><\/div>\t\t\t\t<\/div>\n\t\t\t\t<\/div>\n\t\t\t\t<div class=\"elementor-element elementor-element-5626cf1 elementor-widget-divider--view-line elementor-widget elementor-widget-divider\" data-id=\"5626cf1\" data-element_type=\"widget\" data-e-type=\"widget\" data-widget_type=\"divider.default\">\n\t\t\t\t<div class=\"elementor-widget-container\">\n\t\t\t\t\t\t\t<div class=\"elementor-divider\">\n\t\t\t<span class=\"elementor-divider-separator\">\n\t\t\t\t\t\t<\/span>\n\t\t<\/div>\n\t\t\t\t\t\t<\/div>\n\t\t\t\t<\/div>\n\t\t\t\t<div class=\"elementor-element elementor-element-7e5dbc5 elementor-position-left elementor-vertical-align-top elementor-widget elementor-widget-image-box\" data-id=\"7e5dbc5\" data-element_type=\"widget\" data-e-type=\"widget\" data-widget_type=\"image-box.default\">\n\t\t\t\t<div class=\"elementor-widget-container\">\n\t\t\t\t\t<div class=\"elementor-image-box-wrapper\"><figure class=\"elementor-image-box-img\"><img loading=\"lazy\" decoding=\"async\" width=\"4077\" height=\"1472\" src=\"https:\/\/alianzacnc.org\/wp-content\/uploads\/2025\/02\/anos-dorados.png\" class=\"attachment-full size-full wp-image-6232\" alt=\"\" srcset=\"https:\/\/alianzacnc.org\/wp-content\/uploads\/2025\/02\/anos-dorados.png 4077w, https:\/\/alianzacnc.org\/wp-content\/uploads\/2025\/02\/anos-dorados-300x108.png 300w, https:\/\/alianzacnc.org\/wp-content\/uploads\/2025\/02\/anos-dorados-1030x372.png 1030w, https:\/\/alianzacnc.org\/wp-content\/uploads\/2025\/02\/anos-dorados-768x277.png 768w, https:\/\/alianzacnc.org\/wp-content\/uploads\/2025\/02\/anos-dorados-1536x555.png 1536w, https:\/\/alianzacnc.org\/wp-content\/uploads\/2025\/02\/anos-dorados-2048x739.png 2048w\" sizes=\"(max-width: 4077px) 100vw, 4077px\" \/><\/figure><div class=\"elementor-image-box-content\"><h3 class=\"elementor-image-box-title\">a\u00f1os dorados<\/h3><p class=\"elementor-image-box-description translation-block\">\"A\u00f1os dorados\" is a special space designed for people over 65 years old, where they are valued, honored, and surrounded by love. Inspired by the verse Psalm 71:18, we seek to strengthen faith, fellowship, and joy in this stage of life.<\/p><\/div><\/div>\t\t\t\t<\/div>\n\t\t\t\t<\/div>\n\t\t\t\t<div class=\"elementor-element elementor-element-560d7cf elementor-widget elementor-widget-eael-image-accordion\" data-id=\"560d7cf\" data-element_type=\"widget\" data-e-type=\"widget\" data-widget_type=\"eael-image-accordion.default\">\n\t\t\t\t<div class=\"elementor-widget-container\">\n\t\t\t\t\t    <div class=\"eael-img-accordion accordion-direction-horizontal eael-img-accordion-horizontal-align-center eael-img-accordion-vertical-align-center\" id=\"eael-img-accordion-560d7cf\" data-img-accordion-id=\"560d7cf\" data-img-accordion-type=\"on-hover\">\n                    \n            <div class=\"eael-image-accordion-hover eael-image-accordion-item\" style=\"background-image: url(https:\/\/alianzacnc.org\/wp-content\/uploads\/2025\/02\/473325186_923688633279170_8724693078479385938_n.jpg);\"  tabindex=\"0\">\n                <div class=\"overlay\">\n                                        <div class=\"overlay-inner\">\n                                            <\/div>\n                <\/div>\n            <\/div>\n                    \n            <div class=\"eael-image-accordion-hover eael-image-accordion-item\" style=\"background-image: url(https:\/\/alianzacnc.org\/wp-content\/uploads\/2025\/02\/474037127_923688836612483_4621784446656795203_n.jpg);\"  tabindex=\"0\">\n                <div class=\"overlay\">\n                                        <div class=\"overlay-inner\">\n                                            <\/div>\n                <\/div>\n            <\/div>\n                    \n            <div class=\"eael-image-accordion-hover eael-image-accordion-item\" style=\"background-image: url(https:\/\/alianzacnc.org\/wp-content\/uploads\/2025\/02\/474107507_923688733279160_7234284897984793555_n.jpg);\"  tabindex=\"0\">\n                <div class=\"overlay\">\n                                        <div class=\"overlay-inner\">\n                                            <\/div>\n                <\/div>\n            <\/div>\n                    \n            <div class=\"eael-image-accordion-hover eael-image-accordion-item\" style=\"background-image: url(https:\/\/alianzacnc.org\/wp-content\/uploads\/2025\/02\/474839464_923689069945793_3012034261643967916_n.jpg);\"  tabindex=\"0\">\n                <div class=\"overlay\">\n                                        <div class=\"overlay-inner\">\n                                            <\/div>\n                <\/div>\n            <\/div>\n                    \n            <div class=\"eael-image-accordion-hover eael-image-accordion-item\" style=\"background-image: url(https:\/\/alianzacnc.org\/wp-content\/uploads\/2025\/02\/473328866_923689456612421_2852026656840954009_n.jpg);\"  tabindex=\"0\">\n                <div class=\"overlay\">\n                                        <div class=\"overlay-inner\">\n                                            <\/div>\n                <\/div>\n            <\/div>\n                <\/div>\n        <style typr=\"text\/css\">\n                    #eael-img-accordion-560d7cf .eael-image-accordion-hover:hover {\n                        flex: 3 1 0% !important;\n                    }\n                    #eael-img-accordion-560d7cf .eael-image-accordion-hover:hover:hover .overlay-inner * {\n                        opacity: 1;\n                        visibility: visible;\n                        transform: none;\n                        transition: all .3s .3s;\n                    }\n                <\/style>\t\t\t\t<\/div>\n\t\t\t\t<\/div>\n\t\t\t\t\t<\/div>\n\t\t\t\t<\/div>\n\t\t\t\t<\/div>","protected":false},"excerpt":{"rendered":"<p>ministerio de adultos Luis Camargo Encargados de Adultos MUJERES VICTORIOSAS Mujeres Victoriosas es un espacio creado para todas las mujeres viudas y madres solteras, que tienen como meta alcanzar las promesas de Dios para sus vidas. torre fuerte Son personas que ya alcanzaron las primeras metas en su vida personal y se re\u00fanen para fortalecer una relaci\u00f3n amical, fraternal y cristiana. Es un grupo muy s\u00f3lido y din\u00e1mico que aporta significativamente para el cumplimiento de La Gran Visi\u00f3n en IACyM Cono Norte Callao a\u00f1os dorados A\u00f1os Dorados es un espacio especial dise\u00f1ado para personas mayores de 65 a\u00f1os, donde son valoradas, honradas y rodeadas de amor. Inspirados en el vers\u00edculo Salmos 71:18, buscamos fortalecer la fe, el compa\u00f1erismo y la alegr\u00eda en esta etapa de la vida.<\/p>","protected":false},"author":1,"featured_media":0,"parent":0,"menu_order":0,"comment_status":"closed","ping_status":"closed","template":"","meta":{"_eb_attr":"","_uag_custom_page_level_css":"","site-sidebar-layout":"no-sidebar","site-content-layout":"page-builder","ast-site-content-layout":"full-width-container","site-content-style":"unboxed","site-sidebar-style":"unboxed","ast-global-header-display":"","ast-banner-title-visibility":"","ast-main-header-display":"","ast-hfb-above-header-display":"","ast-hfb-below-header-display":"","ast-hfb-mobile-header-display":"","site-post-title":"disabled","ast-breadcrumbs-content":"","ast-featured-img":"disabled","footer-sml-layout":"","ast-disable-related-posts":"","theme-transparent-header-meta":"","adv-header-id-meta":"","stick-header-meta":"","header-above-stick-meta":"","header-main-stick-meta":"","header-below-stick-meta":"","astra-migrate-meta-layouts":"set","ast-page-background-enabled":"default","ast-page-background-meta":{"desktop":{"background-color":"var(--ast-global-color-4)","background-image":"","background-repeat":"repeat","background-position":"center center","background-size":"auto","background-attachment":"scroll","background-type":"","background-media":"","overlay-type":"","overlay-color":"","overlay-opacity":"","overlay-gradient":""},"tablet":{"background-color":"","background-image":"","background-repeat":"repeat","background-position":"center center","background-size":"auto","background-attachment":"scroll","background-type":"","background-media":"","overlay-type":"","overlay-color":"","overlay-opacity":"","overlay-gradient":""},"mobile":{"background-color":"","background-image":"","background-repeat":"repeat","background-position":"center center","background-size":"auto","background-attachment":"scroll","background-type":"","background-media":"","overlay-type":"","overlay-color":"","overlay-opacity":"","overlay-gradient":""}},"ast-content-background-meta":{"desktop":{"background-color":"var(--ast-global-color-5)","background-image":"","background-repeat":"repeat","background-position":"center center","background-size":"auto","background-attachment":"scroll","background-type":"","background-media":"","overlay-type":"","overlay-color":"","overlay-opacity":"","overlay-gradient":""},"tablet":{"background-color":"var(--ast-global-color-5)","background-image":"","background-repeat":"repeat","background-position":"center center","background-size":"auto","background-attachment":"scroll","background-type":"","background-media":"","overlay-type":"","overlay-color":"","overlay-opacity":"","overlay-gradient":""},"mobile":{"background-color":"var(--ast-global-color-5)","background-image":"","background-repeat":"repeat","background-position":"center center","background-size":"auto","background-attachment":"scroll","background-type":"","background-media":"","overlay-type":"","overlay-color":"","overlay-opacity":"","overlay-gradient":""}},"footnotes":""},"class_list":["post-6561","page","type-page","status-publish","hentry"],"uagb_featured_image_src":{"full":false,"thumbnail":false,"medium":false,"medium_large":false,"large":false,"1536x1536":false,"2048x2048":false,"trp-custom-language-flag":false},"uagb_author_info":{"display_name":"admincnc","author_link":"https:\/\/alianzacnc.org\/en\/author\/admincnc\/"},"uagb_comment_info":0,"uagb_excerpt":"ministerio de adultos Luis Camargo Encargados de Adultos MUJERES VICTORIOSAS Mujeres Victoriosas es un espacio creado para todas las mujeres viudas y madres solteras, que tienen como meta alcanzar las promesas de Dios para sus vidas. torre fuerte Son personas que ya alcanzaron las primeras metas en su vida personal y se re\u00fanen para fortalecer&hellip;","_links":{"self":[{"href":"https:\/\/alianzacnc.org\/en\/wp-json\/wp\/v2\/pages\/6561","targetHints":{"allow":["GET"]}}],"collection":[{"href":"https:\/\/alianzacnc.org\/en\/wp-json\/wp\/v2\/pages"}],"about":[{"href":"https:\/\/alianzacnc.org\/en\/wp-json\/wp\/v2\/types\/page"}],"author":[{"embeddable":true,"href":"https:\/\/alianzacnc.org\/en\/wp-json\/wp\/v2\/users\/1"}],"replies":[{"embeddable":true,"href":"https:\/\/alianzacnc.org\/en\/wp-json\/wp\/v2\/comments?post=6561"}],"version-history":[{"count":5,"href":"https:\/\/alianzacnc.org\/en\/wp-json\/wp\/v2\/pages\/6561\/revisions"}],"predecessor-version":[{"id":6584,"href":"https:\/\/alianzacnc.org\/en\/wp-json\/wp\/v2\/pages\/6561\/revisions\/6584"}],"wp:attachment":[{"href":"https:\/\/alianzacnc.org\/en\/wp-json\/wp\/v2\/media?parent=6561"}],"curies":[{"name":"wp","href":"https:\/\/api.w.org\/{rel}","templated":true}]}}